{"id":13767,"date":"2023-07-30T01:53:16","date_gmt":"2023-07-29T23:53:16","guid":{"rendered":"https:\/\/heuristic-burnell.87-106-72-239.plesk.page\/1689699293427\/?page_id=13767"},"modified":"2025-07-03T02:11:34","modified_gmt":"2025-07-03T00:11:34","slug":"settimana-di-test-gratuiti","status":"publish","type":"page","link":"https:\/\/we-net.ch\/it\/settimana-di-test-gratuiti\/","title":{"rendered":"Prova gratuita di 1 settimana"},"content":{"rendered":"<div data-elementor-type=\"wp-page\" data-elementor-id=\"13767\" class=\"elementor elementor-13767\" data-elementor-post-type=\"page\">\n\t\t\t\t<div class=\"elementor-element elementor-element-9ae065b e-flex e-con-boxed e-con e-parent\" data-id=\"9ae065b\" data-element_type=\"container\" data-e-type=\"container\" data-settings=\"{&quot;background_background&quot;:&quot;classic&quot;}\">\n\t\t\t\t\t<div class=\"e-con-inner\">\n\t\t<div class=\"elementor-element elementor-element-710c1bf e-con-full e-flex e-con e-child\" data-id=\"710c1bf\" data-element_type=\"container\" data-e-type=\"container\" data-settings=\"{&quot;background_background&quot;:&quot;classic&quot;}\">\n\t\t\t\t<div class=\"elementor-element elementor-element-219b03f elementor-widget elementor-widget-heading\" data-id=\"219b03f\" data-element_type=\"widget\" data-e-type=\"widget\" data-widget_type=\"heading.default\">\n\t\t\t\t<div class=\"elementor-widget-container\">\n\t\t\t\t\t<h1 class=\"elementor-heading-title elementor-size-default\">Richiedi una consulenza gratuita<\/h1>\t\t\t\t<\/div>\n\t\t\t\t<\/div>\n\t\t\t\t<div class=\"elementor-element elementor-element-757c9d0 elementor-widget elementor-widget-heading\" data-id=\"757c9d0\" data-element_type=\"widget\" data-e-type=\"widget\" data-widget_type=\"heading.default\">\n\t\t\t\t<div class=\"elementor-widget-container\">\n\t\t\t\t\t<p class=\"elementor-heading-title elementor-size-default\">Fateci sapere come possiamo aiutarvi: vi risponderemo al pi\u00f9 presto.<\/p>\t\t\t\t<\/div>\n\t\t\t\t<\/div>\n\t\t\t\t<div class=\"elementor-element elementor-element-6a3f409 elementor-button-align-center elementor-widget elementor-widget-form\" data-id=\"6a3f409\" data-element_type=\"widget\" data-e-type=\"widget\" data-settings=\"{&quot;step_next_label&quot;:&quot;N\\u00e4chster&quot;,&quot;step_previous_label&quot;:&quot;Voriger&quot;,&quot;button_width&quot;:&quot;100&quot;,&quot;step_type&quot;:&quot;number_text&quot;,&quot;step_icon_shape&quot;:&quot;circle&quot;}\" data-widget_type=\"form.default\">\n\t\t\t\t<div class=\"elementor-widget-container\">\n\t\t\t\t\t\t\t<form class=\"elementor-form\" method=\"post\" name=\"Neues Formular\" aria-label=\"Nuovo modulo\" action=\"\">\n\t\t\t<input type=\"hidden\" name=\"post_id\" value=\"13767\"\/>\n\t\t\t<input type=\"hidden\" name=\"form_id\" value=\"6a3f409\"\/>\n\t\t\t<input type=\"hidden\" name=\"referer_title\" value=\"Gratis-Probewoche - Jetzt gratis testen - WE-NET\" \/>\n\n\t\t\t\t\t\t\t<input type=\"hidden\" name=\"queried_id\" value=\"13767\"\/>\n\t\t\t\n\t\t\t<div class=\"elementor-form-fields-wrapper elementor-labels-above\">\n\t\t\t\t\t\t\t\t<div class=\"elementor-field-type-select elementor-field-group elementor-column elementor-field-group-name elementor-col-100 elementor-field-required\">\n\t\t\t\t\t\t\t\t\t\t\t\t<label for=\"form-field-name\" class=\"elementor-field-label\">\n\t\t\t\t\t\t\t\tA quale servizio siete interessati? *\t\t\t\t\t\t\t<\/label>\n\t\t\t\t\t\t\t\t<div class=\"elementor-field elementor-select-wrapper remove-before\">\n\t\t\t<div class=\"select-caret-down-wrapper\">\n\t\t\t\t<svg aria-hidden=\"true\" class=\"e-font-icon-svg e-eicon-caret-down\" viewbox=\"0 0 571.4 571.4\" xmlns=\"http:\/\/www.w3.org\/2000\/svg\"><path d=\"M571 393Q571 407 561 418L311 668Q300 679 286 679T261 668L11 418Q0 407 0 393T11 368 36 357H536Q550 357 561 368T571 393Z\"><\/path><\/svg>\t\t\t<\/div>\n\t\t\t<select name=\"form_fields[name]\" id=\"form-field-name\" class=\"elementor-field-textual elementor-size-sm\" required=\"required\">\n\t\t\t\t\t\t\t\t\t<option value=\"Immobilie verkaufen\">Vendere la propriet\u00e0<\/option>\n\t\t\t\t\t\t\t\t\t<option value=\"Immobilie kaufen\">Acquisto di un immobile<\/option>\n\t\t\t\t\t\t\t\t\t<option value=\"Immobilienbewertung\">Valutazione della propriet\u00e0<\/option>\n\t\t\t\t\t\t\t\t\t<option value=\"Marktberatung\">Consulenza di mercato<\/option>\n\t\t\t\t\t\t\t\t\t<option value=\"Unterst\u00fctzung bei Dokumenten\">Supporto con i documenti<\/option>\n\t\t\t\t\t\t\t\t\t<option value=\"Partner werden\">Diventare partner<\/option>\n\t\t\t\t\t\t\t\t\t<option value=\"Sonstiges\">Varie<\/option>\n\t\t\t\t\t\t\t<\/select>\n\t\t<\/div>\n\t\t\t\t\t\t<\/div>\n\t\t\t\t\t\t\t\t<div class=\"elementor-field-type-text elementor-field-group elementor-column elementor-field-group-field_6cd5990 elementor-col-50 elementor-field-required\">\n\t\t\t\t\t\t\t\t\t\t\t\t<label for=\"form-field-field_6cd5990\" class=\"elementor-field-label\">\n\t\t\t\t\t\t\t\tNome *\t\t\t\t\t\t\t<\/label>\n\t\t\t\t\t\t\t\t\t\t\t\t\t\t<input size=\"1\" type=\"text\" name=\"form_fields[field_6cd5990]\" id=\"form-field-field_6cd5990\" class=\"elementor-field elementor-size-sm  elementor-field-textual\" required=\"required\">\n\t\t\t\t\t\t\t\t\t\t\t<\/div>\n\t\t\t\t\t\t\t\t<div class=\"elementor-field-type-text elementor-field-group elementor-column elementor-field-group-field_10672f6 elementor-col-50\">\n\t\t\t\t\t\t\t\t\t\t\t\t<label for=\"form-field-field_10672f6\" class=\"elementor-field-label\">\n\t\t\t\t\t\t\t\tNome *\t\t\t\t\t\t\t<\/label>\n\t\t\t\t\t\t\t\t\t\t\t\t\t\t<input size=\"1\" type=\"text\" name=\"form_fields[field_10672f6]\" id=\"form-field-field_10672f6\" class=\"elementor-field elementor-size-sm  elementor-field-textual\">\n\t\t\t\t\t\t\t\t\t\t\t<\/div>\n\t\t\t\t\t\t\t\t<div class=\"elementor-field-type-email elementor-field-group elementor-column elementor-field-group-email elementor-col-50 elementor-field-required\">\n\t\t\t\t\t\t\t\t\t\t\t\t<label for=\"form-field-email\" class=\"elementor-field-label\">\n\t\t\t\t\t\t\t\tIndirizzo e-mail *\t\t\t\t\t\t\t<\/label>\n\t\t\t\t\t\t\t\t\t\t\t\t\t\t<input size=\"1\" type=\"email\" name=\"form_fields[email]\" id=\"form-field-email\" class=\"elementor-field elementor-size-sm  elementor-field-textual\" required=\"required\">\n\t\t\t\t\t\t\t\t\t\t\t<\/div>\n\t\t\t\t\t\t\t\t<div class=\"elementor-field-type-tel elementor-field-group elementor-column elementor-field-group-field_442cb1c elementor-col-50 elementor-field-required\">\n\t\t\t\t\t\t\t\t\t\t\t\t<label for=\"form-field-field_442cb1c\" class=\"elementor-field-label\">\n\t\t\t\t\t\t\t\tTelefono *\t\t\t\t\t\t\t<\/label>\n\t\t\t\t\t\t\t\t<input size=\"1\" type=\"tel\" name=\"form_fields[field_442cb1c]\" id=\"form-field-field_442cb1c\" class=\"elementor-field elementor-size-sm  elementor-field-textual\" required=\"required\" pattern=\"[0-9()#&amp;+*-=.]+\" title=\"Sono accettati solo numeri e caratteri telefonici (#, -, *, ecc.).\">\n\n\t\t\t\t\t\t<\/div>\n\t\t\t\t\t\t\t\t<div class=\"elementor-field-type-text elementor-field-group elementor-column elementor-field-group-field_b2ab835 elementor-col-100\">\n\t\t\t\t\t\t\t\t\t\t\t\t<label for=\"form-field-field_b2ab835\" class=\"elementor-field-label\">\n\t\t\t\t\t\t\t\tIndirizzo dell'immobile (facoltativo)\t\t\t\t\t\t\t<\/label>\n\t\t\t\t\t\t\t\t\t\t\t\t\t\t<input size=\"1\" type=\"text\" name=\"form_fields[field_b2ab835]\" id=\"form-field-field_b2ab835\" class=\"elementor-field elementor-size-sm  elementor-field-textual\">\n\t\t\t\t\t\t\t\t\t\t\t<\/div>\n\t\t\t\t\t\t\t\t<div class=\"elementor-field-type-textarea elementor-field-group elementor-column elementor-field-group-message elementor-col-100 elementor-field-required\">\n\t\t\t\t\t\t\t\t\t\t\t\t<label for=\"form-field-message\" class=\"elementor-field-label\">\n\t\t\t\t\t\t\t\tScrivere il messaggio *\t\t\t\t\t\t\t<\/label>\n\t\t\t\t\t\t<textarea class=\"elementor-field-textual elementor-field  elementor-size-sm\" name=\"form_fields[message]\" id=\"form-field-message\" rows=\"4\" placeholder=\"Scrivi qui il tuo messaggio\" required=\"required\"><\/textarea>\t\t\t\t<\/div>\n\t\t\t\t\t\t\t\t<div class=\"elementor-field-type-select elementor-field-group elementor-column elementor-field-group-field_a232596 elementor-col-100 elementor-field-required\">\n\t\t\t\t\t\t\t\t\t\t\t\t<label for=\"form-field-field_a232596\" class=\"elementor-field-label\">\n\t\t\t\t\t\t\t\tCome possiamo contattarla?\t\t\t\t\t\t\t<\/label>\n\t\t\t\t\t\t\t\t<div class=\"elementor-field elementor-select-wrapper remove-before\">\n\t\t\t<div class=\"select-caret-down-wrapper\">\n\t\t\t\t<svg aria-hidden=\"true\" class=\"e-font-icon-svg e-eicon-caret-down\" viewbox=\"0 0 571.4 571.4\" xmlns=\"http:\/\/www.w3.org\/2000\/svg\"><path d=\"M571 393Q571 407 561 418L311 668Q300 679 286 679T261 668L11 418Q0 407 0 393T11 368 36 357H536Q550 357 561 368T571 393Z\"><\/path><\/svg>\t\t\t<\/div>\n\t\t\t<select name=\"form_fields[field_a232596]\" id=\"form-field-field_a232596\" class=\"elementor-field-textual elementor-size-sm\" required=\"required\">\n\t\t\t\t\t\t\t\t\t<option value=\"Telefon\">Telefono<\/option>\n\t\t\t\t\t\t\t\t\t<option value=\"E-Mail\">e-mail<\/option>\n\t\t\t\t\t\t\t<\/select>\n\t\t<\/div>\n\t\t\t\t\t\t<\/div>\n\t\t\t\t\t\t\t\t<div class=\"elementor-field-type-recaptcha_v3 elementor-field-group elementor-column elementor-field-group-field_c87cb2a elementor-col-100 recaptcha_v3-bottomright\">\n\t\t\t\t\t<div class=\"elementor-field\" id=\"form-field-field_c87cb2a\"><div class=\"elementor-g-recaptcha\" data-sitekey=\"6Lf3GHcqAAAAAO3vWSMrdk4lRUhT8110-bxWt7fI\" data-type=\"v3\" data-action=\"Form\" data-badge=\"bottomright\" data-size=\"invisible\"><\/div><\/div>\t\t\t\t<\/div>\n\t\t\t\t\t\t\t\t<div class=\"elementor-field-type-acceptance elementor-field-group elementor-column elementor-field-group-field_83a3b22 elementor-col-100 elementor-field-required\">\n\t\t\t\t\t\t\t<div class=\"elementor-field-subgroup\">\n\t\t\t<span class=\"elementor-field-option\">\n\t\t\t\t<input type=\"checkbox\" name=\"form_fields[field_83a3b22]\" id=\"form-field-field_83a3b22\" class=\"elementor-field elementor-size-sm  elementor-acceptance-field\" required=\"required\">\n\t\t\t\t<label for=\"form-field-field_83a3b22\"><span style=\"color:#484c4f; font-size:16px; font-family: Poppins;\">Accetto i termini e le condizioni e la politica sulla privacy dell'azienda come indicato in <a style=\"text-decoration:underline; color:#484c4f;\" href=\"esso-2\/dichiarazione-sulla-protezione-dei-dati\/\">Informativa sulla privacy<\/a><\/span><\/label>\t\t\t<\/span>\n\t\t<\/div>\n\t\t\t\t\t\t<\/div>\n\t\t\t\t\t\t\t\t<div class=\"elementor-field-group elementor-column elementor-field-type-submit elementor-col-100 e-form__buttons\">\n\t\t\t\t\t<button class=\"elementor-button elementor-size-sm\" type=\"submit\">\n\t\t\t\t\t\t<span class=\"elementor-button-content-wrapper\">\n\t\t\t\t\t\t\t\t\t\t\t\t\t\t\t\t\t\t\t\t\t\t<span class=\"elementor-button-text\">Inviare<\/span>\n\t\t\t\t\t\t\t\t\t\t\t\t\t<\/span>\n\t\t\t\t\t<\/button>\n\t\t\t\t<\/div>\n\t\t\t<\/div>\n\t\t<input type=\"hidden\" name=\"trp-form-language\" value=\"it\"\/><\/form>\n\t\t\t\t\t\t<\/div>\n\t\t\t\t<\/div>\n\t\t\t\t<\/div>\n\t\t<div class=\"elementor-element elementor-element-6af8b84 e-con-full e-flex e-con e-child\" data-id=\"6af8b84\" data-element_type=\"container\" data-e-type=\"container\" data-settings=\"{&quot;background_background&quot;:&quot;classic&quot;}\">\n\t\t\t\t<div class=\"elementor-element elementor-element-b6ec2b2 elementor-view-framed elementor-widget-mobile__width-initial elementor-shape-circle elementor-widget elementor-widget-icon\" data-id=\"b6ec2b2\" data-element_type=\"widget\" data-e-type=\"widget\" data-widget_type=\"icon.default\">\n\t\t\t\t<div class=\"elementor-widget-container\">\n\t\t\t\t\t\t\t<div class=\"elementor-icon-wrapper\">\n\t\t\t<a class=\"elementor-icon\" href=\"tel:+41415155490\">\n\t\t\t<svg aria-hidden=\"true\" class=\"e-font-icon-svg e-fas-phone-alt\" viewbox=\"0 0 512 512\" xmlns=\"http:\/\/www.w3.org\/2000\/svg\"><path d=\"M497.39 361.8l-112-48a24 24 0 0 0-28 6.9l-49.6 60.6A370.66 370.66 0 0 1 130.6 204.11l60.6-49.6a23.94 23.94 0 0 0 6.9-28l-48-112A24.16 24.16 0 0 0 122.6.61l-104 24A24 24 0 0 0 0 48c0 256.5 207.9 464 464 464a24 24 0 0 0 23.4-18.6l24-104a24.29 24.29 0 0 0-14.01-27.6z\"><\/path><\/svg>\t\t\t<\/a>\n\t\t<\/div>\n\t\t\t\t\t\t<\/div>\n\t\t\t\t<\/div>\n\t\t\t\t<div class=\"elementor-element elementor-element-a960f4d elementor-widget-mobile__width-initial elementor-widget elementor-widget-heading\" data-id=\"a960f4d\" data-element_type=\"widget\" data-e-type=\"widget\" data-widget_type=\"heading.default\">\n\t\t\t\t<div class=\"elementor-widget-container\">\n\t\t\t\t\t<p class=\"elementor-heading-title elementor-size-default\"><a href=\"tel:+41415155490\">Preferite un contatto telefonico? Chiamateci al numero +41 41 515 54 90<\/a><\/p>\t\t\t\t<\/div>\n\t\t\t\t<\/div>\n\t\t\t\t<\/div>\n\t\t\t\t\t<\/div>\n\t\t\t\t<\/div>\n\t\t\t\t<\/div>","protected":false},"excerpt":{"rendered":"<p>Kostenlose Beratung anfragen Lassen Sie uns wissen, wie wir Ihnen helfen k\u00f6nnen \u2013 wir melden uns zeitnah bei Ihnen. Bevorzugen Sie telefonischen Kontakt? Rufen Sie uns an unter +41 41 515 54 90<\/p>","protected":false},"author":2,"featured_media":0,"parent":0,"menu_order":0,"comment_status":"closed","ping_status":"closed","template":"","meta":{"_acf_changed":false,"_rtcl_gb_attr":"","inline_featured_image":false,"footnotes":""},"folder":[13317],"class_list":["post-13767","page","type-page","status-publish","hentry"],"acf":[],"yoast_head":"<!-- This site is optimized with the Yoast SEO Premium plugin v24.2 (Yoast SEO v27.3) - https:\/\/yoast.com\/product\/yoast-seo-premium-wordpress\/ -->\n<title>Gratis-Probewoche - Jetzt gratis testen - WE-NET<\/title>\n<meta name=\"description\" content=\"Ihre R\u00fcckmeldung ist zentral f\u00fcr unsere Weiterentwicklung. Helfen Sie uns, WE-NET f\u00fcr Sie noch besser zu gestalten.\" \/>\n<meta name=\"robots\" content=\"index, follow, max-snippet:-1, max-image-preview:large, max-video-preview:-1\" \/>\n<link rel=\"canonical\" href=\"https:\/\/we-net.ch\/it\/settimana-di-test-gratuiti\/\" \/>\n<meta property=\"og:locale\" content=\"it_IT\" \/>\n<meta property=\"og:type\" content=\"article\" \/>\n<meta property=\"og:title\" content=\"Gratis 1 Woche Test\" \/>\n<meta property=\"og:description\" content=\"Ihre R\u00fcckmeldung ist zentral f\u00fcr unsere Weiterentwicklung. Helfen Sie uns, WE-NET f\u00fcr Sie noch besser zu gestalten.\" \/>\n<meta property=\"og:url\" content=\"https:\/\/we-net.ch\/it\/settimana-di-test-gratuiti\/\" \/>\n<meta property=\"og:site_name\" content=\"WENET AG\" \/>\n<meta property=\"article:modified_time\" content=\"2025-07-03T00:11:34+00:00\" \/>\n<meta property=\"og:image\" content=\"https:\/\/we-net.ch\/wp-content\/uploads\/2024\/11\/watermark2.png\" \/>\n\t<meta property=\"og:image:width\" content=\"800\" \/>\n\t<meta property=\"og:image:height\" content=\"107\" \/>\n\t<meta property=\"og:image:type\" content=\"image\/png\" \/>\n<meta name=\"twitter:card\" content=\"summary_large_image\" \/>\n<meta name=\"twitter:label1\" content=\"Tempo di lettura stimato\" \/>\n\t<meta name=\"twitter:data1\" content=\"3 minuti\" \/>\n<!-- \/ Yoast SEO Premium plugin. -->","yoast_head_json":{"title":"Settimana di prova gratuita - Prova ora gratuitamente - WE-NET","description":"Il vostro feedback \u00e8 fondamentale per il nostro ulteriore sviluppo. Aiutateci a rendere WE-NET ancora migliore per voi.","robots":{"index":"index","follow":"follow","max-snippet":"max-snippet:-1","max-image-preview":"max-image-preview:large","max-video-preview":"max-video-preview:-1"},"canonical":"https:\/\/we-net.ch\/it\/settimana-di-test-gratuiti\/","og_locale":"it_IT","og_type":"article","og_title":"Gratis 1 Woche Test","og_description":"Ihre R\u00fcckmeldung ist zentral f\u00fcr unsere Weiterentwicklung. Helfen Sie uns, WE-NET f\u00fcr Sie noch besser zu gestalten.","og_url":"https:\/\/we-net.ch\/it\/settimana-di-test-gratuiti\/","og_site_name":"WENET AG","article_modified_time":"2025-07-03T00:11:34+00:00","og_image":[{"width":800,"height":107,"url":"https:\/\/we-net.ch\/wp-content\/uploads\/2024\/11\/watermark2.png","type":"image\/png"}],"twitter_card":"summary_large_image","twitter_misc":{"Tempo di lettura stimato":"3 minuti"},"schema":{"@context":"https:\/\/schema.org","@graph":[{"@type":"WebPage","@id":"https:\/\/we-net.ch\/gratis-test-woche\/","url":"https:\/\/we-net.ch\/gratis-test-woche\/","name":"Settimana di prova gratuita - Prova ora gratuitamente - WE-NET","isPartOf":{"@id":"https:\/\/we-net.ch\/#website"},"datePublished":"2023-07-29T23:53:16+00:00","dateModified":"2025-07-03T00:11:34+00:00","description":"Il vostro feedback \u00e8 fondamentale per il nostro ulteriore sviluppo. Aiutateci a rendere WE-NET ancora migliore per voi.","breadcrumb":{"@id":"https:\/\/we-net.ch\/gratis-test-woche\/#breadcrumb"},"inLanguage":"it-IT","potentialAction":[{"@type":"ReadAction","target":["https:\/\/we-net.ch\/gratis-test-woche\/"]}]},{"@type":"BreadcrumbList","@id":"https:\/\/we-net.ch\/gratis-test-woche\/#breadcrumb","itemListElement":[{"@type":"ListItem","position":1,"name":"Startseite","item":"https:\/\/we-net.ch\/"},{"@type":"ListItem","position":2,"name":"Gratis 1 Woche Test"}]},{"@type":"WebSite","@id":"https:\/\/we-net.ch\/#website","url":"https:\/\/we-net.ch\/","name":"WENET AG","description":"Immobili","publisher":{"@id":"https:\/\/we-net.ch\/#organization"},"potentialAction":[{"@type":"SearchAction","target":{"@type":"EntryPoint","urlTemplate":"https:\/\/we-net.ch\/?s={search_term_string}"},"query-input":{"@type":"PropertyValueSpecification","valueRequired":true,"valueName":"search_term_string"}}],"inLanguage":"it-IT"},{"@type":"Organization","@id":"https:\/\/we-net.ch\/#organization","name":"WENET AG","url":"https:\/\/we-net.ch\/","logo":{"@type":"ImageObject","inLanguage":"it-IT","@id":"https:\/\/we-net.ch\/#\/schema\/logo\/image\/","url":"https:\/\/we-net.ch\/wp-content\/uploads\/2024\/11\/watermark2.png","contentUrl":"https:\/\/we-net.ch\/wp-content\/uploads\/2024\/11\/watermark2.png","width":800,"height":107,"caption":"WENET AG"},"image":{"@id":"https:\/\/we-net.ch\/#\/schema\/logo\/image\/"}}]}},"_links":{"self":[{"href":"https:\/\/we-net.ch\/it\/wp-json\/wp\/v2\/pages\/13767","targetHints":{"allow":["GET"]}}],"collection":[{"href":"https:\/\/we-net.ch\/it\/wp-json\/wp\/v2\/pages"}],"about":[{"href":"https:\/\/we-net.ch\/it\/wp-json\/wp\/v2\/types\/page"}],"author":[{"embeddable":true,"href":"https:\/\/we-net.ch\/it\/wp-json\/wp\/v2\/users\/2"}],"replies":[{"embeddable":true,"href":"https:\/\/we-net.ch\/it\/wp-json\/wp\/v2\/comments?post=13767"}],"version-history":[{"count":0,"href":"https:\/\/we-net.ch\/it\/wp-json\/wp\/v2\/pages\/13767\/revisions"}],"wp:attachment":[{"href":"https:\/\/we-net.ch\/it\/wp-json\/wp\/v2\/media?parent=13767"}],"wp:term":[{"taxonomy":"folder","embeddable":true,"href":"https:\/\/we-net.ch\/it\/wp-json\/wp\/v2\/folder?post=13767"}],"curies":[{"name":"wp","href":"https:\/\/api.w.org\/{rel}","templated":true}]}}