{"id":119194,"date":"2024-12-04T09:06:22","date_gmt":"2024-12-04T08:06:22","guid":{"rendered":"https:\/\/we-net.ch\/?page_id=119194"},"modified":"2026-03-19T16:38:47","modified_gmt":"2026-03-19T15:38:47","slug":"il-vostro-feedback-e-importante-per-noi","status":"publish","type":"page","link":"https:\/\/we-net.ch\/it\/il-vostro-feedback-e-importante-per-noi\/","title":{"rendered":"Il vostro feedback \u00e8 importante per noi"},"content":{"rendered":"<div data-elementor-type=\"wp-page\" data-elementor-id=\"119194\" class=\"elementor elementor-119194\" data-elementor-post-type=\"page\">\n\t\t\t\t<div class=\"elementor-element elementor-element-41f9669 e-con-full e-flex e-con e-parent\" data-id=\"41f9669\" data-element_type=\"container\" data-e-type=\"container\" data-settings=\"{&quot;background_background&quot;:&quot;gradient&quot;}\">\n\t\t<div class=\"elementor-element elementor-element-ca65320 e-con-full e-flex e-con e-child\" data-id=\"ca65320\" data-element_type=\"container\" data-e-type=\"container\">\n\t\t\t\t<div class=\"elementor-element elementor-element-ea47d6c elementor-widget-tablet_extra__width-inherit elementor-widget-mobile__width-inherit elementor-widget elementor-widget-heading\" data-id=\"ea47d6c\" data-element_type=\"widget\" data-e-type=\"widget\" data-widget_type=\"heading.default\">\n\t\t\t\t<div class=\"elementor-widget-container\">\n\t\t\t\t\t<h2 class=\"elementor-heading-title elementor-size-default\">Lasciate il vostro feedback qui sotto<\/h2>\t\t\t\t<\/div>\n\t\t\t\t<\/div>\n\t\t\t\t<div class=\"elementor-element elementor-element-37e5b34 elementor-widget-tablet_extra__width-inherit elementor-widget__width-initial elementor-widget elementor-widget-heading\" data-id=\"37e5b34\" data-element_type=\"widget\" data-e-type=\"widget\" data-widget_type=\"heading.default\">\n\t\t\t\t<div class=\"elementor-widget-container\">\n\t\t\t\t\t<p class=\"elementor-heading-title elementor-size-default\">Se la vostra esperienza \u00e8 stata valutata con meno di 5 stelle, vorremmo sapere cosa potremmo migliorare. Basta compilare il modulo e noi esamineremo e risponderemo prontamente al vostro feedback.\n\n<\/p>\t\t\t\t<\/div>\n\t\t\t\t<\/div>\n\t\t\t\t<\/div>\n\t\t<div class=\"elementor-element elementor-element-ab81fb1 e-con-full e-flex e-con e-child\" data-id=\"ab81fb1\" data-element_type=\"container\" data-e-type=\"container\">\n\t\t<div class=\"elementor-element elementor-element-2263ab4 e-con-full e-flex elementor-invisible e-con e-child\" data-id=\"2263ab4\" data-element_type=\"container\" data-e-type=\"container\" data-settings=\"{&quot;background_background&quot;:&quot;classic&quot;,&quot;animation&quot;:&quot;fadeInUp&quot;}\">\n\t\t\t\t<div class=\"elementor-element elementor-element-30c9cec elementor-widget__width-inherit elementor-widget elementor-widget-formidable\" data-id=\"30c9cec\" data-element_type=\"widget\" data-e-type=\"widget\" data-widget_type=\"formidable.default\">\n\t\t\t\t<div class=\"elementor-widget-container\">\n\t\t\t\t\t<div class=\"frm_forms  with_frm_style frm_style_custom-style\" id=\"frm_form_4_container\" data-token=\"61b03ea11218cd265c83fe5a59388e42\">\n<form enctype=\"multipart\/form-data\" method=\"post\" class=\"frm-show-form  frm_pro_form\" id=\"form_survey\" data-token=\"61b03ea11218cd265c83fe5a59388e42\" action=\"\">\n<div class=\"frm_form_fields  frm_page_num_1\">\n<fieldset>\n<legend class=\"frm_screen_reader\">Modulo di valutazione a stelle e strisce<\/legend>\r\n\r\n<div class=\"frm_fields_container\">\n<input type=\"hidden\" name=\"frm_action\" value=\"create\" \/>\n<input type=\"hidden\" name=\"form_id\" value=\"4\" \/>\n<input type=\"hidden\" name=\"frm_hide_fields_4\" id=\"frm_hide_fields_4\" value=\"\" \/>\n<input type=\"hidden\" name=\"form_key\" value=\"survey\" \/>\n<input type=\"hidden\" name=\"item_meta[0]\" value=\"\" \/>\n<input type=\"hidden\" id=\"frm_submit_entry_4\" name=\"frm_submit_entry_4\" value=\"85abed3b71\" \/><input type=\"hidden\" name=\"_wp_http_referer\" value=\"\/it\/wp-json\/wp\/v2\/pages\/119194\" \/><div id=\"frm_field_68_container\" class=\"frm_form_field form-field  frm_required_field frm_top_container\">\r\n    <label for=\"field_jbeif\" id=\"field_jbeif_label\" class=\"frm_primary_label\">Valuta la tua esperienza\r\n        <span class=\"frm_required\">*<\/span>\r\n    <\/label>\r\n    <div class=\"frm_opt_container\" aria-labelledby=\"field_jbeif_label\" role=\"group\"><div class=\"frm-star-group\">\n\t\t<input type=\"radio\" name=\"item_meta[68]\" id=\"field_jbeif-0\" value=\"1\"  data-reqmsg=\"Bewerten Sie Ihre Erfahrung cannot be blank.\" aria-required=\"true\" data-invmsg=\"Bewerten Sie Ihre Erfahrung non \u00e8 valido\" aria-invalid=\"false\"   \/><label  for=\"field_jbeif-0\" class=\"star-rating\">\n\t\t\t\t<svg  viewbox=\"0 0 20 20\" class=\"frmsvg\"><g clip-path=\"url(#frm-star-clip-path)\"><path fill=\"#EAECF0\" d=\"m10 .5 2.64 6.36 6.87.55-5.23 4.48 1.6 6.7L10 15l-5.88 3.59 1.6-6.7L.49 7.41l6.86-.55L10 .5Z\"\/><\/g><defs><clippath id=\"frm-star-clip-path\"><path fill=\"#fff\" d=\"M0 0h20v20H0z\"\/><\/clippath><\/defs>\n<\/svg><svg  viewbox=\"0 0 20 20\" class=\"frmsvg\"><path fill=\"#FDB022\" d=\"m10 .5 2.64 6.36 6.87.55-5.23 4.48 1.6 6.7L10 15l-5.88 3.59 1.6-6.7L.49 7.41l6.86-.55L10 .5Z\"\/>\n<\/svg>\t\t\t\t<span class=\"frm_screen_reader\">1 Stella<\/span>\n\t\t\t<\/label>\n\t\t<input type=\"radio\" name=\"item_meta[68]\" id=\"field_jbeif-1\" value=\"2\"  data-reqmsg=\"Bewerten Sie Ihre Erfahrung cannot be blank.\" aria-required=\"true\" data-invmsg=\"Bewerten Sie Ihre Erfahrung non \u00e8 valido\" aria-invalid=\"false\"   \/><label  for=\"field_jbeif-1\" class=\"star-rating\">\n\t\t\t\t<svg  viewbox=\"0 0 20 20\" class=\"frmsvg\"><g clip-path=\"url(#frm-star-clip-path)\"><path fill=\"#EAECF0\" d=\"m10 .5 2.64 6.36 6.87.55-5.23 4.48 1.6 6.7L10 15l-5.88 3.59 1.6-6.7L.49 7.41l6.86-.55L10 .5Z\"\/><\/g><defs><clippath id=\"frm-star-clip-path\"><path fill=\"#fff\" d=\"M0 0h20v20H0z\"\/><\/clippath><\/defs>\n<\/svg><svg  viewbox=\"0 0 20 20\" class=\"frmsvg\"><path fill=\"#FDB022\" d=\"m10 .5 2.64 6.36 6.87.55-5.23 4.48 1.6 6.7L10 15l-5.88 3.59 1.6-6.7L.49 7.41l6.86-.55L10 .5Z\"\/>\n<\/svg>\t\t\t\t<span class=\"frm_screen_reader\">2 Stelle<\/span>\n\t\t\t<\/label>\n\t\t<input type=\"radio\" name=\"item_meta[68]\" id=\"field_jbeif-2\" value=\"3\"  data-reqmsg=\"Bewerten Sie Ihre Erfahrung cannot be blank.\" aria-required=\"true\" data-invmsg=\"Bewerten Sie Ihre Erfahrung non \u00e8 valido\" aria-invalid=\"false\"   \/><label  for=\"field_jbeif-2\" class=\"star-rating\">\n\t\t\t\t<svg  viewbox=\"0 0 20 20\" class=\"frmsvg\"><g clip-path=\"url(#frm-star-clip-path)\"><path fill=\"#EAECF0\" d=\"m10 .5 2.64 6.36 6.87.55-5.23 4.48 1.6 6.7L10 15l-5.88 3.59 1.6-6.7L.49 7.41l6.86-.55L10 .5Z\"\/><\/g><defs><clippath id=\"frm-star-clip-path\"><path fill=\"#fff\" d=\"M0 0h20v20H0z\"\/><\/clippath><\/defs>\n<\/svg><svg  viewbox=\"0 0 20 20\" class=\"frmsvg\"><path fill=\"#FDB022\" d=\"m10 .5 2.64 6.36 6.87.55-5.23 4.48 1.6 6.7L10 15l-5.88 3.59 1.6-6.7L.49 7.41l6.86-.55L10 .5Z\"\/>\n<\/svg>\t\t\t\t<span class=\"frm_screen_reader\">3 Stelle<\/span>\n\t\t\t<\/label>\n\t\t<input type=\"radio\" name=\"item_meta[68]\" id=\"field_jbeif-3\" value=\"4\"  data-reqmsg=\"Bewerten Sie Ihre Erfahrung cannot be blank.\" aria-required=\"true\" data-invmsg=\"Bewerten Sie Ihre Erfahrung non \u00e8 valido\" aria-invalid=\"false\"   \/><label  for=\"field_jbeif-3\" class=\"star-rating\">\n\t\t\t\t<svg  viewbox=\"0 0 20 20\" class=\"frmsvg\"><g clip-path=\"url(#frm-star-clip-path)\"><path fill=\"#EAECF0\" d=\"m10 .5 2.64 6.36 6.87.55-5.23 4.48 1.6 6.7L10 15l-5.88 3.59 1.6-6.7L.49 7.41l6.86-.55L10 .5Z\"\/><\/g><defs><clippath id=\"frm-star-clip-path\"><path fill=\"#fff\" d=\"M0 0h20v20H0z\"\/><\/clippath><\/defs>\n<\/svg><svg  viewbox=\"0 0 20 20\" class=\"frmsvg\"><path fill=\"#FDB022\" d=\"m10 .5 2.64 6.36 6.87.55-5.23 4.48 1.6 6.7L10 15l-5.88 3.59 1.6-6.7L.49 7.41l6.86-.55L10 .5Z\"\/>\n<\/svg>\t\t\t\t<span class=\"frm_screen_reader\">4 Stelle<\/span>\n\t\t\t<\/label>\n\t\t<input type=\"radio\" name=\"item_meta[68]\" id=\"field_jbeif-4\" value=\"5\"  data-reqmsg=\"Bewerten Sie Ihre Erfahrung cannot be blank.\" aria-required=\"true\" data-invmsg=\"Bewerten Sie Ihre Erfahrung non \u00e8 valido\" aria-invalid=\"false\"   \/><label  for=\"field_jbeif-4\" class=\"star-rating\">\n\t\t\t\t<svg  viewbox=\"0 0 20 20\" class=\"frmsvg\"><g clip-path=\"url(#frm-star-clip-path)\"><path fill=\"#EAECF0\" d=\"m10 .5 2.64 6.36 6.87.55-5.23 4.48 1.6 6.7L10 15l-5.88 3.59 1.6-6.7L.49 7.41l6.86-.55L10 .5Z\"\/><\/g><defs><clippath id=\"frm-star-clip-path\"><path fill=\"#fff\" d=\"M0 0h20v20H0z\"\/><\/clippath><\/defs>\n<\/svg><svg  viewbox=\"0 0 20 20\" class=\"frmsvg\"><path fill=\"#FDB022\" d=\"m10 .5 2.64 6.36 6.87.55-5.23 4.48 1.6 6.7L10 15l-5.88 3.59 1.6-6.7L.49 7.41l6.86-.55L10 .5Z\"\/>\n<\/svg>\t\t\t\t<span class=\"frm_screen_reader\">5 Stelle<\/span>\n\t\t\t<\/label>\n<div style=\"clear:both;\"><\/div>\n<\/div>\n<\/div>\r\n    <div class=\"frm_description\" id=\"frm_desc_field_jbeif\">Come giudica la sua esperienza complessiva con noi?<\/div>\r\n    \r\n<\/div>\n<input type=\"hidden\" name=\"frm_page_order_4\" id=\"frm_page_order_4\" value=\"4\" \/><input type=\"hidden\" name=\"item_meta[66]\" id=\"field_azs4e\" value=\"\"     \/>\n<input type=\"hidden\" name=\"item_meta[64]\" id=\"field_40n7a\" value=\"\"     \/>\n<input type=\"hidden\" name=\"item_meta[67]\" id=\"field_4tmnp\" value=\"\"     \/>\n<input type=\"hidden\" name=\"item_meta[71]\" id=\"field_r1wl2\" value=\"\"     \/>\n<input type=\"hidden\" name=\"item_meta[72]\" id=\"field_tzdzf\" value=\"\"     \/>\n\t<input type=\"hidden\" name=\"item_key\" value=\"\" \/>\n\t\t\t<div id=\"frm_field_199_container\">\n\t\t\t<label for=\"field_jwafu\" >\n\t\t\t\tSe sei un essere umano, lascia questo campo vuoto.\t\t\t<\/label>\n\t\t\t<input  id=\"field_jwafu\" type=\"text\" class=\"frm_form_field form-field frm_verify\" name=\"item_meta[199]\" value=\"\"  \/>\n\t\t<\/div>\n\t\t<input name=\"frm_state\" type=\"hidden\" value=\"pG+wM789bpc\/OZYj17KpX1htezWhyYce4qYYoO\/POhTPh+Np71U89rWsRjzY8i17\" \/><div class=\"frm_submit\">\r\n\r\n<button class=\"frm_button_submit\" type=\"submit\"  >Avanti<\/button>\r\n\r\n<\/div><\/div>\n<\/fieldset>\n<\/div>\n\n<input type=\"hidden\" name=\"trp-form-language\" value=\"it\"\/><\/form>\n<\/div>\n\t\t\t\t<\/div>\n\t\t\t\t<\/div>\n\t\t\t\t<\/div>\n\t\t\t\t<\/div>\n\t\t<div class=\"elementor-element elementor-element-d940f0c e-con-full e-flex e-con e-child\" data-id=\"d940f0c\" data-element_type=\"container\" data-e-type=\"container\">\n\t\t\t\t<div class=\"elementor-element elementor-element-7ba685b elementor-widget-tablet_extra__width-inherit elementor-widget__width-initial elementor-widget elementor-widget-heading\" data-id=\"7ba685b\" data-element_type=\"widget\" data-e-type=\"widget\" data-widget_type=\"heading.default\">\n\t\t\t\t<div class=\"elementor-widget-container\">\n\t\t\t\t\t<p class=\"elementor-heading-title elementor-size-default\">Grazie per averci affidato il vostro feedback. Insieme possiamo creare esperienze straordinarie!<\/p>\t\t\t\t<\/div>\n\t\t\t\t<\/div>\n\t\t\t\t<\/div>\n\t\t\t\t<\/div>\n\t\t<div class=\"elementor-element elementor-element-8bc48c3 e-con-full e-flex e-con e-parent\" data-id=\"8bc48c3\" data-element_type=\"container\" data-e-type=\"container\" data-settings=\"{&quot;background_background&quot;:&quot;classic&quot;}\">\n\t\t<div class=\"elementor-element elementor-element-572d9c1 e-con-full contact-block e-flex elementor-invisible e-con e-child\" data-id=\"572d9c1\" data-element_type=\"container\" data-e-type=\"container\" data-settings=\"{&quot;animation&quot;:&quot;fadeInUp&quot;,&quot;background_background&quot;:&quot;classic&quot;}\">\n\t\t\t\t<div class=\"elementor-element elementor-element-f5a3525 elementor-widget-tablet__width-inherit elementor-widget elementor-widget-heading\" data-id=\"f5a3525\" data-element_type=\"widget\" data-e-type=\"widget\" data-widget_type=\"heading.default\">\n\t\t\t\t<div class=\"elementor-widget-container\">\n\t\t\t\t\t<h2 class=\"elementor-heading-title elementor-size-default\">Opzioni di contatto<\/h2>\t\t\t\t<\/div>\n\t\t\t\t<\/div>\n\t\t\t\t<div class=\"elementor-element elementor-element-c6d508c elementor-widget elementor-widget-text-editor\" data-id=\"c6d508c\" data-element_type=\"widget\" data-e-type=\"widget\" data-widget_type=\"text-editor.default\">\n\t\t\t\t<div class=\"elementor-widget-container\">\n\t\t\t\t\t\t\t\t\t<p>Preferite parlare direttamente con noi? Potete raggiungerci anche all'indirizzo<\/p>\t\t\t\t\t\t\t\t<\/div>\n\t\t\t\t<\/div>\n\t\t\t\t<div class=\"elementor-element elementor-element-d54f9dc elementor-widget elementor-widget-spacer\" data-id=\"d54f9dc\" data-element_type=\"widget\" data-e-type=\"widget\" data-widget_type=\"spacer.default\">\n\t\t\t\t<div class=\"elementor-widget-container\">\n\t\t\t\t\t\t\t<div class=\"elementor-spacer\">\n\t\t\t<div class=\"elementor-spacer-inner\"><\/div>\n\t\t<\/div>\n\t\t\t\t\t\t<\/div>\n\t\t\t\t<\/div>\n\t\t<div class=\"elementor-element elementor-element-bb80195 e-con-full e-transform e-flex e-con e-child\" data-id=\"bb80195\" data-element_type=\"container\" data-e-type=\"container\" data-settings=\"{&quot;_transform_scale_effect&quot;:{&quot;unit&quot;:&quot;px&quot;,&quot;size&quot;:1.05,&quot;sizes&quot;:[]},&quot;_transform_scale_effect_mobile&quot;:{&quot;unit&quot;:&quot;px&quot;,&quot;size&quot;:1,&quot;sizes&quot;:[]},&quot;_transform_scale_effect_laptop&quot;:{&quot;unit&quot;:&quot;px&quot;,&quot;size&quot;:&quot;&quot;,&quot;sizes&quot;:[]},&quot;_transform_scale_effect_tablet_extra&quot;:{&quot;unit&quot;:&quot;px&quot;,&quot;size&quot;:&quot;&quot;,&quot;sizes&quot;:[]},&quot;_transform_scale_effect_tablet&quot;:{&quot;unit&quot;:&quot;px&quot;,&quot;size&quot;:&quot;&quot;,&quot;sizes&quot;:[]},&quot;_transform_scale_effect_mobile_extra&quot;:{&quot;unit&quot;:&quot;px&quot;,&quot;size&quot;:&quot;&quot;,&quot;sizes&quot;:[]}}\">\n\t\t<div class=\"elementor-element elementor-element-068c1ed e-con-full e-flex e-con e-child\" data-id=\"068c1ed\" data-element_type=\"container\" data-e-type=\"container\" data-settings=\"{&quot;background_background&quot;:&quot;classic&quot;}\">\n\t\t\t\t<div class=\"elementor-element elementor-element-a41907a elementor-view-framed elementor-shape-circle elementor-position-block-start elementor-mobile-position-block-start elementor-widget elementor-widget-icon-box\" data-id=\"a41907a\" data-element_type=\"widget\" data-e-type=\"widget\" data-widget_type=\"icon-box.default\">\n\t\t\t\t<div class=\"elementor-widget-container\">\n\t\t\t\t\t\t\t<div class=\"elementor-icon-box-wrapper\">\n\n\t\t\t\t\t\t<div class=\"elementor-icon-box-icon\">\n\t\t\t\t<a href=\"mailto:info@we-net.ch\" class=\"elementor-icon\" tabindex=\"-1\" aria-label=\"e-mail\">\n\t\t\t\t<svg aria-hidden=\"true\" class=\"e-font-icon-svg e-fas-envelope\" viewbox=\"0 0 512 512\" xmlns=\"http:\/\/www.w3.org\/2000\/svg\"><path d=\"M502.3 190.8c3.9-3.1 9.7-.2 9.7 4.7V400c0 26.5-21.5 48-48 48H48c-26.5 0-48-21.5-48-48V195.6c0-5 5.7-7.8 9.7-4.7 22.4 17.4 52.1 39.5 154.1 113.6 21.1 15.4 56.7 47.8 92.2 47.6 35.7.3 72-32.8 92.3-47.6 102-74.1 131.6-96.3 154-113.7zM256 320c23.2.4 56.6-29.2 73.4-41.4 132.7-96.3 142.8-104.7 173.4-128.7 5.8-4.5 9.2-11.5 9.2-18.9v-19c0-26.5-21.5-48-48-48H48C21.5 64 0 85.5 0 112v19c0 7.4 3.4 14.3 9.2 18.9 30.6 23.9 40.7 32.4 173.4 128.7 16.8 12.2 50.2 41.8 73.4 41.4z\"><\/path><\/svg>\t\t\t\t<\/a>\n\t\t\t<\/div>\n\t\t\t\n\t\t\t\t\t\t<div class=\"elementor-icon-box-content\">\n\n\t\t\t\t\t\t\t\t\t<span class=\"elementor-icon-box-title\">\n\t\t\t\t\t\t<a href=\"mailto:info@we-net.ch\" >\n\t\t\t\t\t\t\te-mail\t\t\t\t\t\t<\/a>\n\t\t\t\t\t<\/span>\n\t\t\t\t\n\t\t\t\t\t\t\t\t\t<p class=\"elementor-icon-box-description\">\n\t\t\t\t\t\tinfo@we-net.ch\t\t\t\t\t<\/p>\n\t\t\t\t\n\t\t\t<\/div>\n\t\t\t\n\t\t<\/div>\n\t\t\t\t\t\t<\/div>\n\t\t\t\t<\/div>\n\t\t\t\t<\/div>\n\t\t<div class=\"elementor-element elementor-element-059a2a6 e-con-full e-flex e-con e-child\" data-id=\"059a2a6\" data-element_type=\"container\" data-e-type=\"container\" data-settings=\"{&quot;background_background&quot;:&quot;classic&quot;}\">\n\t\t\t\t<div class=\"elementor-element elementor-element-ad4b901 elementor-view-framed elementor-shape-circle elementor-position-block-start elementor-mobile-position-block-start elementor-widget elementor-widget-icon-box\" data-id=\"ad4b901\" data-element_type=\"widget\" data-e-type=\"widget\" data-widget_type=\"icon-box.default\">\n\t\t\t\t<div class=\"elementor-widget-container\">\n\t\t\t\t\t\t\t<div class=\"elementor-icon-box-wrapper\">\n\n\t\t\t\t\t\t<div class=\"elementor-icon-box-icon\">\n\t\t\t\t<a href=\"tel:+41415155490\" class=\"elementor-icon\" tabindex=\"-1\" aria-label=\"Telefono\">\n\t\t\t\t<svg aria-hidden=\"true\" class=\"e-font-icon-svg e-fas-phone-alt\" viewbox=\"0 0 512 512\" xmlns=\"http:\/\/www.w3.org\/2000\/svg\"><path d=\"M497.39 361.8l-112-48a24 24 0 0 0-28 6.9l-49.6 60.6A370.66 370.66 0 0 1 130.6 204.11l60.6-49.6a23.94 23.94 0 0 0 6.9-28l-48-112A24.16 24.16 0 0 0 122.6.61l-104 24A24 24 0 0 0 0 48c0 256.5 207.9 464 464 464a24 24 0 0 0 23.4-18.6l24-104a24.29 24.29 0 0 0-14.01-27.6z\"><\/path><\/svg>\t\t\t\t<\/a>\n\t\t\t<\/div>\n\t\t\t\n\t\t\t\t\t\t<div class=\"elementor-icon-box-content\">\n\n\t\t\t\t\t\t\t\t\t<span class=\"elementor-icon-box-title\">\n\t\t\t\t\t\t<a href=\"tel:+41415155490\" >\n\t\t\t\t\t\t\tTelefono\t\t\t\t\t\t<\/a>\n\t\t\t\t\t<\/span>\n\t\t\t\t\n\t\t\t\t\t\t\t\t\t<p class=\"elementor-icon-box-description\">\n\t\t\t\t\t\t+41 41 515 54 90\t\t\t\t\t<\/p>\n\t\t\t\t\n\t\t\t<\/div>\n\t\t\t\n\t\t<\/div>\n\t\t\t\t\t\t<\/div>\n\t\t\t\t<\/div>\n\t\t\t\t<\/div>\n\t\t\t\t<\/div>\n\t\t\t\t<div class=\"elementor-element elementor-element-d121a5a elementor-tablet-align-center elementor-mobile-align-justify elementor-widget-tablet__width-initial elementor-widget-mobile__width-inherit elementor-widget elementor-widget-button\" data-id=\"d121a5a\" data-element_type=\"widget\" data-e-type=\"widget\" data-widget_type=\"button.default\">\n\t\t\t\t<div class=\"elementor-widget-container\">\n\t\t\t\t\t\t\t\t\t<div class=\"elementor-button-wrapper\">\n\t\t\t\t\t<a class=\"elementor-button elementor-button-link elementor-size-lg\" href=\"https:\/\/we-net.ch\/it\/contatto\/\">\n\t\t\t\t\t\t<span class=\"elementor-button-content-wrapper\">\n\t\t\t\t\t\t\t\t\t<span class=\"elementor-button-text\">Contattateci<\/span>\n\t\t\t\t\t<\/span>\n\t\t\t\t\t<\/a>\n\t\t\t\t<\/div>\n\t\t\t\t\t\t\t\t<\/div>\n\t\t\t\t<\/div>\n\t\t\t\t<\/div>\n\t\t\t\t<\/div>\n\t\t\t\t<\/div>","protected":false},"excerpt":{"rendered":"<p>Bitte hinterlassen Sie Ihr Feedback unten Wenn Sie Ihre Erfahrung mit weniger als 5 Sternen bewertet haben, m\u00f6chten wir gerne erfahren, was wir besser machen k\u00f6nnten. F\u00fcllen Sie einfach das Formular aus, und wir werden Ihre R\u00fcckmeldung umgehend pr\u00fcfen und darauf reagieren. Star Rating Form Bewerten Sie Ihre Erfahrung * 1 Star 2 Stars 3<\/p>","protected":false},"author":772,"featured_media":0,"parent":0,"menu_order":0,"comment_status":"closed","ping_status":"closed","template":"","meta":{"_acf_changed":false,"_rtcl_gb_attr":"","inline_featured_image":false,"footnotes":""},"folder":[13316],"class_list":["post-119194","page","type-page","status-publish","hentry"],"acf":[],"yoast_head":"<!-- This site is optimized with the Yoast SEO Premium plugin v24.2 (Yoast SEO v27.4) - https:\/\/yoast.com\/product\/yoast-seo-premium-wordpress\/ -->\n<title>Ihr Feedback ist uns wichtig \u2013 WENET AG<\/title>\n<meta name=\"robots\" content=\"noindex, follow\" \/>\n<meta property=\"og:locale\" content=\"it_IT\" \/>\n<meta property=\"og:type\" content=\"article\" \/>\n<meta property=\"og:title\" content=\"Ihr Feedback ist uns wichtig\" \/>\n<meta property=\"og:description\" content=\"Bitte hinterlassen Sie Ihr Feedback unten Wenn Sie Ihre Erfahrung mit weniger als 5 Sternen bewertet haben, m\u00f6chten wir gerne erfahren, was wir besser machen k\u00f6nnten. F\u00fcllen Sie einfach das Formular aus, und wir werden Ihre R\u00fcckmeldung umgehend pr\u00fcfen und darauf reagieren. Star Rating Form Bewerten Sie Ihre Erfahrung * 1 Star 2 Stars 3\" \/>\n<meta property=\"og:url\" content=\"https:\/\/we-net.ch\/it\/il-vostro-feedback-e-importante-per-noi\/\" \/>\n<meta property=\"og:site_name\" content=\"WENET AG\" \/>\n<meta property=\"article:modified_time\" content=\"2026-03-19T15:38:47+00:00\" \/>\n<meta property=\"og:image\" content=\"https:\/\/we-net.ch\/wp-content\/uploads\/2024\/11\/watermark2.png\" \/>\n\t<meta property=\"og:image:width\" content=\"800\" \/>\n\t<meta property=\"og:image:height\" content=\"107\" \/>\n\t<meta property=\"og:image:type\" content=\"image\/png\" \/>\n<meta name=\"twitter:card\" content=\"summary_large_image\" \/>\n<meta name=\"twitter:label1\" content=\"Tempo di lettura stimato\" \/>\n\t<meta name=\"twitter:data1\" content=\"2 minuti\" \/>\n<!-- \/ Yoast SEO Premium plugin. -->","yoast_head_json":{"title":"Ihr Feedback ist uns wichtig \u2013 WENET AG","robots":{"index":"noindex","follow":"follow"},"og_locale":"it_IT","og_type":"article","og_title":"Ihr Feedback ist uns wichtig","og_description":"Bitte hinterlassen Sie Ihr Feedback unten Wenn Sie Ihre Erfahrung mit weniger als 5 Sternen bewertet haben, m\u00f6chten wir gerne erfahren, was wir besser machen k\u00f6nnten. F\u00fcllen Sie einfach das Formular aus, und wir werden Ihre R\u00fcckmeldung umgehend pr\u00fcfen und darauf reagieren. Star Rating Form Bewerten Sie Ihre Erfahrung * 1 Star 2 Stars 3","og_url":"https:\/\/we-net.ch\/it\/il-vostro-feedback-e-importante-per-noi\/","og_site_name":"WENET AG","article_modified_time":"2026-03-19T15:38:47+00:00","og_image":[{"width":800,"height":107,"url":"https:\/\/we-net.ch\/wp-content\/uploads\/2024\/11\/watermark2.png","type":"image\/png"}],"twitter_card":"summary_large_image","twitter_misc":{"Tempo di lettura stimato":"2 minuti"},"schema":{"@context":"https:\/\/schema.org","@graph":[{"@type":"WebPage","@id":"https:\/\/we-net.ch\/ihr-feedback-ist-uns-wichtig\/","url":"https:\/\/we-net.ch\/ihr-feedback-ist-uns-wichtig\/","name":"Ihr Feedback ist uns wichtig \u2013 WENET AG","isPartOf":{"@id":"https:\/\/we-net.ch\/#website"},"datePublished":"2024-12-04T08:06:22+00:00","dateModified":"2026-03-19T15:38:47+00:00","breadcrumb":{"@id":"https:\/\/we-net.ch\/ihr-feedback-ist-uns-wichtig\/#breadcrumb"},"inLanguage":"it-IT","potentialAction":[{"@type":"ReadAction","target":["https:\/\/we-net.ch\/ihr-feedback-ist-uns-wichtig\/"]}]},{"@type":"BreadcrumbList","@id":"https:\/\/we-net.ch\/ihr-feedback-ist-uns-wichtig\/#breadcrumb","itemListElement":[{"@type":"ListItem","position":1,"name":"Startseite","item":"https:\/\/we-net.ch\/"},{"@type":"ListItem","position":2,"name":"Ihr Feedback ist uns wichtig"}]},{"@type":"WebSite","@id":"https:\/\/we-net.ch\/#website","url":"https:\/\/we-net.ch\/","name":"WENET AG","description":"Immobili","publisher":{"@id":"https:\/\/we-net.ch\/#organization"},"potentialAction":[{"@type":"SearchAction","target":{"@type":"EntryPoint","urlTemplate":"https:\/\/we-net.ch\/?s={search_term_string}"},"query-input":{"@type":"PropertyValueSpecification","valueRequired":true,"valueName":"search_term_string"}}],"inLanguage":"it-IT"},{"@type":"Organization","@id":"https:\/\/we-net.ch\/#organization","name":"WENET AG","url":"https:\/\/we-net.ch\/","logo":{"@type":"ImageObject","inLanguage":"it-IT","@id":"https:\/\/we-net.ch\/#\/schema\/logo\/image\/","url":"https:\/\/we-net.ch\/wp-content\/uploads\/2024\/11\/watermark2.png","contentUrl":"https:\/\/we-net.ch\/wp-content\/uploads\/2024\/11\/watermark2.png","width":800,"height":107,"caption":"WENET AG"},"image":{"@id":"https:\/\/we-net.ch\/#\/schema\/logo\/image\/"}}]}},"_links":{"self":[{"href":"https:\/\/we-net.ch\/it\/wp-json\/wp\/v2\/pages\/119194","targetHints":{"allow":["GET"]}}],"collection":[{"href":"https:\/\/we-net.ch\/it\/wp-json\/wp\/v2\/pages"}],"about":[{"href":"https:\/\/we-net.ch\/it\/wp-json\/wp\/v2\/types\/page"}],"author":[{"embeddable":true,"href":"https:\/\/we-net.ch\/it\/wp-json\/wp\/v2\/users\/772"}],"replies":[{"embeddable":true,"href":"https:\/\/we-net.ch\/it\/wp-json\/wp\/v2\/comments?post=119194"}],"version-history":[{"count":7,"href":"https:\/\/we-net.ch\/it\/wp-json\/wp\/v2\/pages\/119194\/revisions"}],"predecessor-version":[{"id":183337,"href":"https:\/\/we-net.ch\/it\/wp-json\/wp\/v2\/pages\/119194\/revisions\/183337"}],"wp:attachment":[{"href":"https:\/\/we-net.ch\/it\/wp-json\/wp\/v2\/media?parent=119194"}],"wp:term":[{"taxonomy":"folder","embeddable":true,"href":"https:\/\/we-net.ch\/it\/wp-json\/wp\/v2\/folder?post=119194"}],"curies":[{"name":"wp","href":"https:\/\/api.w.org\/{rel}","templated":true}]}}