{"id":1609,"date":"2024-10-02T18:44:44","date_gmt":"2024-10-02T16:44:44","guid":{"rendered":"https:\/\/heuristic-burnell.87-106-72-239.plesk.page\/?page_id=1609"},"modified":"2026-02-05T15:02:55","modified_gmt":"2026-02-05T14:02:55","slug":"evaluation-en-ligne","status":"publish","type":"page","link":"https:\/\/we-net.ch\/fr\/evaluation-en-ligne\/","title":{"rendered":"\u00c9VALUATION EN LIGNE"},"content":{"rendered":"<div data-elementor-type=\"wp-page\" data-elementor-id=\"1609\" class=\"elementor elementor-1609\" data-elementor-post-type=\"page\">\n\t\t\t\t<div class=\"elementor-element elementor-element-4f0f95d e-flex e-con-boxed e-con e-parent\" data-id=\"4f0f95d\" data-element_type=\"container\" data-e-type=\"container\" data-settings=\"{&quot;background_background&quot;:&quot;classic&quot;}\">\n\t\t\t\t\t<div class=\"e-con-inner\">\n\t\t<div class=\"elementor-element elementor-element-89a4282 e-con-full e-flex e-con e-child\" data-id=\"89a4282\" data-element_type=\"container\" data-e-type=\"container\" data-settings=\"{&quot;background_background&quot;:&quot;classic&quot;}\">\n\t\t\t\t<div class=\"elementor-element elementor-element-afd928d elementor-widget elementor-widget-heading\" data-id=\"afd928d\" data-element_type=\"widget\" data-e-type=\"widget\" data-widget_type=\"heading.default\">\n\t\t\t\t<div class=\"elementor-widget-container\">\n\t\t\t\t\t<h2 class=\"elementor-heading-title elementor-size-default\">Obtenir une \u00e9valuation gratuite<\/h2>\t\t\t\t<\/div>\n\t\t\t\t<\/div>\n\t\t\t\t<div class=\"elementor-element elementor-element-80c4211 elementor-widget elementor-widget-heading\" data-id=\"80c4211\" data-element_type=\"widget\" data-e-type=\"widget\" data-widget_type=\"heading.default\">\n\t\t\t\t<div class=\"elementor-widget-container\">\n\t\t\t\t\t<p class=\"elementor-heading-title elementor-size-default\">\u00c9valuation immobili\u00e8re pr\u00e9cise &amp; gratuite - v\u00e9rifi\u00e9e par des experts.\nPas d'estimations automatis\u00e9es : Chaque \u00e9valuation est v\u00e9rifi\u00e9e par des experts, optimis\u00e9e par la technologie et accompagn\u00e9e d'un feedback dans les 24 heures.<\/p>\t\t\t\t<\/div>\n\t\t\t\t<\/div>\n\t\t\t\t<div class=\"elementor-element elementor-element-d2747ed elementor-widget elementor-widget-html\" data-id=\"d2747ed\" data-element_type=\"widget\" data-e-type=\"widget\" data-widget_type=\"html.default\">\n\t\t\t\t<div class=\"elementor-widget-container\">\n\t\t\t\t\t<div style=\"box-shadow: 0 10px 15px -3px #0000001a, 0 4px 6px -4px #0000001a; border-radius: .5rem; overflow: hidden\">\r\n<fluss-x id=\"SvZp\"><\/fluss-x>\r\n<\/div>\r\n\r\n<script src=\"https:\/\/fluss.ai\/embed\/flow.es.js\" type=\"module\"><\/script>\t\t\t\t<\/div>\n\t\t\t\t<\/div>\n\t\t\t\t<div class=\"elementor-element elementor-element-928513c elementor-widget elementor-widget-heading\" data-id=\"928513c\" data-element_type=\"widget\" data-e-type=\"widget\" data-widget_type=\"heading.default\">\n\t\t\t\t<div class=\"elementor-widget-container\">\n\t\t\t\t\t<p class=\"elementor-heading-title elementor-size-default\">Pas seulement une estimation h\u00e9donique robotis\u00e9e, mais une expertise humaine, renforc\u00e9e par des ann\u00e9es d'exp\u00e9rience sur le march\u00e9. La v\u00e9rification humaine permet d'identifier et de corriger les \u00e9ventuelles erreurs et impr\u00e9cisions que les syst\u00e8mes autom. pourraient manquer, ce qui est \u00e0 \u00e9viter.<\/p>\t\t\t\t<\/div>\n\t\t\t\t<\/div>\n\t\t\t\t<\/div>\n\t\t\t\t\t<\/div>\n\t\t\t\t<\/div>\n\t\t\t\t<\/div>","protected":false},"excerpt":{"rendered":"<p>Kostenlose Bewertung erhalten Pr\u00e4zise &amp; kostenlose Immobilienbewertung \u2013 gepr\u00fcft von Experten. Keine automatisierten Sch\u00e4tzungen: Jede Bewertung wird durch Fachleute gepr\u00fcft, technologisch optimiert und innerhalb von 24 Stunden mit Feedback versehen. Nicht nur eine hedonische Robotersch\u00e4tzung, sondern menschliche Fachkenntnis, gest\u00e4rkt durch jahrelange Markterfahrung. Die menschliche \u00dcberpr\u00fcfung erm\u00f6glicht es, eventuelle Fehler und Ungenauigkeiten zu identifizieren, und zu<\/p>","protected":false},"author":772,"featured_media":0,"parent":0,"menu_order":0,"comment_status":"closed","ping_status":"open","template":"","meta":{"_acf_changed":false,"_rtcl_gb_attr":"","inline_featured_image":false,"footnotes":""},"folder":[13317],"class_list":["post-1609","page","type-page","status-publish","hentry"],"acf":[],"yoast_head":"<!-- This site is optimized with the Yoast SEO Premium plugin v24.2 (Yoast SEO v27.3) - https:\/\/yoast.com\/product\/yoast-seo-premium-wordpress\/ -->\n<title>Online-Immobilienbewertung - Kostenlos - WENET AG<\/title>\n<meta name=\"description\" content=\"Ermitteln Sie den Wert Ihrer Immobilie schnell und kostenlos mit der Online-Bewertung von WENET AG \u2013 fundiert und zuverl\u00e4ssig.\" \/>\n<meta name=\"robots\" content=\"index, follow, max-snippet:-1, max-image-preview:large, max-video-preview:-1\" \/>\n<link rel=\"canonical\" href=\"https:\/\/we-net.ch\/fr\/evaluation-en-ligne\/\" \/>\n<meta property=\"og:locale\" content=\"fr_FR\" \/>\n<meta property=\"og:type\" content=\"article\" \/>\n<meta property=\"og:title\" content=\"ONLINE BEWERTUNG\" \/>\n<meta property=\"og:description\" content=\"Ermitteln Sie den Wert Ihrer Immobilie schnell und kostenlos mit der Online-Bewertung von WENET AG \u2013 fundiert und zuverl\u00e4ssig.\" \/>\n<meta property=\"og:url\" content=\"https:\/\/we-net.ch\/fr\/evaluation-en-ligne\/\" \/>\n<meta property=\"og:site_name\" content=\"WENET AG\" \/>\n<meta property=\"article:modified_time\" content=\"2026-02-05T14:02:55+00:00\" \/>\n<meta property=\"og:image\" content=\"https:\/\/we-net.ch\/wp-content\/uploads\/2024\/11\/watermark2.png\" \/>\n\t<meta property=\"og:image:width\" content=\"800\" \/>\n\t<meta property=\"og:image:height\" content=\"107\" \/>\n\t<meta property=\"og:image:type\" content=\"image\/png\" \/>\n<meta name=\"twitter:card\" content=\"summary_large_image\" \/>\n<meta name=\"twitter:label1\" content=\"Dur\u00e9e de lecture estim\u00e9e\" \/>\n\t<meta name=\"twitter:data1\" content=\"1 minute\" \/>\n<!-- \/ Yoast SEO Premium plugin. -->","yoast_head_json":{"title":"\u00c9valuation immobili\u00e8re en ligne - Gratuit - WENET AG","description":"D\u00e9terminez la valeur de votre bien immobilier rapidement et gratuitement gr\u00e2ce \u00e0 l'\u00e9valuation en ligne de WENET SA - fond\u00e9e et fiable.","robots":{"index":"index","follow":"follow","max-snippet":"max-snippet:-1","max-image-preview":"max-image-preview:large","max-video-preview":"max-video-preview:-1"},"canonical":"https:\/\/we-net.ch\/fr\/evaluation-en-ligne\/","og_locale":"fr_FR","og_type":"article","og_title":"ONLINE BEWERTUNG","og_description":"Ermitteln Sie den Wert Ihrer Immobilie schnell und kostenlos mit der Online-Bewertung von WENET AG \u2013 fundiert und zuverl\u00e4ssig.","og_url":"https:\/\/we-net.ch\/fr\/evaluation-en-ligne\/","og_site_name":"WENET AG","article_modified_time":"2026-02-05T14:02:55+00:00","og_image":[{"width":800,"height":107,"url":"https:\/\/we-net.ch\/wp-content\/uploads\/2024\/11\/watermark2.png","type":"image\/png"}],"twitter_card":"summary_large_image","twitter_misc":{"Dur\u00e9e de lecture estim\u00e9e":"1 minute"},"schema":{"@context":"https:\/\/schema.org","@graph":[{"@type":"WebPage","@id":"https:\/\/we-net.ch\/online-bewertung\/","url":"https:\/\/we-net.ch\/online-bewertung\/","name":"\u00c9valuation immobili\u00e8re en ligne - Gratuit - WENET AG","isPartOf":{"@id":"https:\/\/we-net.ch\/#website"},"datePublished":"2024-10-02T16:44:44+00:00","dateModified":"2026-02-05T14:02:55+00:00","description":"D\u00e9terminez la valeur de votre bien immobilier rapidement et gratuitement gr\u00e2ce \u00e0 l'\u00e9valuation en ligne de WENET SA - fond\u00e9e et fiable.","breadcrumb":{"@id":"https:\/\/we-net.ch\/online-bewertung\/#breadcrumb"},"inLanguage":"fr-FR","potentialAction":[{"@type":"ReadAction","target":["https:\/\/we-net.ch\/online-bewertung\/"]}]},{"@type":"BreadcrumbList","@id":"https:\/\/we-net.ch\/online-bewertung\/#breadcrumb","itemListElement":[{"@type":"ListItem","position":1,"name":"Startseite","item":"https:\/\/we-net.ch\/"},{"@type":"ListItem","position":2,"name":"ONLINE BEWERTUNG"}]},{"@type":"WebSite","@id":"https:\/\/we-net.ch\/#website","url":"https:\/\/we-net.ch\/","name":"WENET AG","description":"Immobilier","publisher":{"@id":"https:\/\/we-net.ch\/#organization"},"potentialAction":[{"@type":"SearchAction","target":{"@type":"EntryPoint","urlTemplate":"https:\/\/we-net.ch\/?s={search_term_string}"},"query-input":{"@type":"PropertyValueSpecification","valueRequired":true,"valueName":"search_term_string"}}],"inLanguage":"fr-FR"},{"@type":"Organization","@id":"https:\/\/we-net.ch\/#organization","name":"WENET AG","url":"https:\/\/we-net.ch\/","logo":{"@type":"ImageObject","inLanguage":"fr-FR","@id":"https:\/\/we-net.ch\/#\/schema\/logo\/image\/","url":"https:\/\/we-net.ch\/wp-content\/uploads\/2024\/11\/watermark2.png","contentUrl":"https:\/\/we-net.ch\/wp-content\/uploads\/2024\/11\/watermark2.png","width":800,"height":107,"caption":"WENET AG"},"image":{"@id":"https:\/\/we-net.ch\/#\/schema\/logo\/image\/"}}]}},"_links":{"self":[{"href":"https:\/\/we-net.ch\/fr\/wp-json\/wp\/v2\/pages\/1609","targetHints":{"allow":["GET"]}}],"collection":[{"href":"https:\/\/we-net.ch\/fr\/wp-json\/wp\/v2\/pages"}],"about":[{"href":"https:\/\/we-net.ch\/fr\/wp-json\/wp\/v2\/types\/page"}],"author":[{"embeddable":true,"href":"https:\/\/we-net.ch\/fr\/wp-json\/wp\/v2\/users\/772"}],"replies":[{"embeddable":true,"href":"https:\/\/we-net.ch\/fr\/wp-json\/wp\/v2\/comments?post=1609"}],"version-history":[{"count":9,"href":"https:\/\/we-net.ch\/fr\/wp-json\/wp\/v2\/pages\/1609\/revisions"}],"predecessor-version":[{"id":178695,"href":"https:\/\/we-net.ch\/fr\/wp-json\/wp\/v2\/pages\/1609\/revisions\/178695"}],"wp:attachment":[{"href":"https:\/\/we-net.ch\/fr\/wp-json\/wp\/v2\/media?parent=1609"}],"wp:term":[{"taxonomy":"folder","embeddable":true,"href":"https:\/\/we-net.ch\/fr\/wp-json\/wp\/v2\/folder?post=1609"}],"curies":[{"name":"wp","href":"https:\/\/api.w.org\/{rel}","templated":true}]}}