{"id":122431,"date":"2025-02-15T21:41:00","date_gmt":"2025-02-15T20:41:00","guid":{"rendered":"https:\/\/we-net.ch\/?page_id=122431"},"modified":"2026-01-29T13:53:28","modified_gmt":"2026-01-29T12:53:28","slug":"location-buchs","status":"publish","type":"page","link":"https:\/\/we-net.ch\/fr\/location-buchs\/","title":{"rendered":"Lieu Buchs"},"content":{"rendered":"<div data-elementor-type=\"wp-page\" data-elementor-id=\"122431\" class=\"elementor elementor-122431\" data-elementor-post-type=\"page\">\n\t\t\t\t<div class=\"elementor-element elementor-element-199cb3a e-con-full e-flex e-con e-parent\" data-id=\"199cb3a\" data-element_type=\"container\" data-e-type=\"container\" data-settings=\"{&quot;background_background&quot;:&quot;classic&quot;}\">\n\t\t<div class=\"elementor-element elementor-element-ae8e879 e-con-full e-flex e-con e-child\" data-id=\"ae8e879\" data-element_type=\"container\" data-e-type=\"container\" data-settings=\"{&quot;background_background&quot;:&quot;classic&quot;}\">\n\t\t\t\t<div class=\"elementor-element elementor-element-244d0f8 elementor-widget elementor-widget-heading\" data-id=\"244d0f8\" data-element_type=\"widget\" data-e-type=\"widget\" data-widget_type=\"heading.default\">\n\t\t\t\t<div class=\"elementor-widget-container\">\n\t\t\t\t\t<h2 class=\"elementor-heading-title elementor-size-default\">Willkommen bei WENET AG<\/h2>\t\t\t\t<\/div>\n\t\t\t\t<\/div>\n\t\t\t\t<div class=\"elementor-element elementor-element-1b1fad2 elementor-widget elementor-widget-heading\" data-id=\"1b1fad2\" data-element_type=\"widget\" data-e-type=\"widget\" data-widget_type=\"heading.default\">\n\t\t\t\t<div class=\"elementor-widget-container\">\n\t\t\t\t\t<h1 class=\"elementor-heading-title elementor-size-default\">BUCHS<\/h1>\t\t\t\t<\/div>\n\t\t\t\t<\/div>\n\t\t\t\t<div class=\"elementor-element elementor-element-6f98330 elementor-widget elementor-widget-heading\" data-id=\"6f98330\" data-element_type=\"widget\" data-e-type=\"widget\" data-widget_type=\"heading.default\">\n\t\t\t\t<div class=\"elementor-widget-container\">\n\t\t\t\t\t<h4 class=\"elementor-heading-title elementor-size-default\">Saint-Gall : Fabrikstrasse 17, 9470 Buchs, SG<\/h4>\t\t\t\t<\/div>\n\t\t\t\t<\/div>\n\t\t\t\t<\/div>\n\t\t\t\t<\/div>\n\t\t<div class=\"elementor-element elementor-element-4fe28787 e-flex e-con-boxed e-con e-parent\" data-id=\"4fe28787\" data-element_type=\"container\" data-e-type=\"container\" data-settings=\"{&quot;background_background&quot;:&quot;classic&quot;}\">\n\t\t\t\t\t<div class=\"e-con-inner\">\n\t\t<div class=\"elementor-element elementor-element-131dcecd e-con-full e-flex e-con e-child\" data-id=\"131dcecd\" data-element_type=\"container\" data-e-type=\"container\">\n\t\t\t\t<div class=\"elementor-element elementor-element-5bd9160d elementor-widget elementor-widget-image\" data-id=\"5bd9160d\" data-element_type=\"widget\" data-e-type=\"widget\" data-widget_type=\"image.default\">\n\t\t\t\t<div class=\"elementor-widget-container\">\n\t\t\t\t\t\t\t\t\t\t\t\t\t\t\t<img fetchpriority=\"high\" decoding=\"async\" width=\"1176\" height=\"810\" src=\"https:\/\/we-net.ch\/wp-content\/uploads\/2025\/02\/Lageplan_Buchs_SG.png\" class=\"attachment-full size-full wp-image-122522\" alt=\"\" srcset=\"https:\/\/we-net.ch\/wp-content\/uploads\/2025\/02\/Lageplan_Buchs_SG.png 1176w, https:\/\/we-net.ch\/wp-content\/uploads\/2025\/02\/Lageplan_Buchs_SG-300x207.png 300w, https:\/\/we-net.ch\/wp-content\/uploads\/2025\/02\/Lageplan_Buchs_SG-1024x705.png 1024w, https:\/\/we-net.ch\/wp-content\/uploads\/2025\/02\/Lageplan_Buchs_SG-768x529.png 768w, https:\/\/we-net.ch\/wp-content\/uploads\/2025\/02\/Lageplan_Buchs_SG-18x12.png 18w\" sizes=\"(max-width: 1176px) 100vw, 1176px\" title=\"\" \/>\t\t\t\t\t\t\t\t\t\t\t\t\t\t\t<\/div>\n\t\t\t\t<\/div>\n\t\t\t\t<\/div>\n\t\t<div class=\"elementor-element elementor-element-2d2e0741 e-con-full e-flex e-con e-child\" data-id=\"2d2e0741\" data-element_type=\"container\" data-e-type=\"container\">\n\t\t\t\t<div class=\"elementor-element elementor-element-77d25cb1 elementor-widget elementor-widget-heading\" data-id=\"77d25cb1\" data-element_type=\"widget\" data-e-type=\"widget\" data-widget_type=\"heading.default\">\n\t\t\t\t<div class=\"elementor-widget-container\">\n\t\t\t\t\t<h2 class=\"elementor-heading-title elementor-size-default\">Comment nous trouver\n<\/h2>\t\t\t\t<\/div>\n\t\t\t\t<\/div>\n\t\t\t\t<div class=\"elementor-element elementor-element-a2f176f elementor-widget elementor-widget-heading\" data-id=\"a2f176f\" data-element_type=\"widget\" data-e-type=\"widget\" data-widget_type=\"heading.default\">\n\t\t\t\t<div class=\"elementor-widget-container\">\n\t\t\t\t\t<div class=\"elementor-heading-title elementor-size-default\">\ud83d\udccd ADRESSE<\/div>\t\t\t\t<\/div>\n\t\t\t\t<\/div>\n\t\t\t\t<div class=\"elementor-element elementor-element-144a2ca elementor-widget elementor-widget-heading\" data-id=\"144a2ca\" data-element_type=\"widget\" data-e-type=\"widget\" data-widget_type=\"heading.default\">\n\t\t\t\t<div class=\"elementor-widget-container\">\n\t\t\t\t\t<div class=\"elementor-heading-title elementor-size-default\">Fabrikstrasse 17, 9470 Buchs SG (r\u00e9ception au 1er \u00e9tage)<\/div>\t\t\t\t<\/div>\n\t\t\t\t<\/div>\n\t\t\t\t<div class=\"elementor-element elementor-element-5c840a8 elementor-widget elementor-widget-heading\" data-id=\"5c840a8\" data-element_type=\"widget\" data-e-type=\"widget\" data-widget_type=\"heading.default\">\n\t\t\t\t<div class=\"elementor-widget-container\">\n\t\t\t\t\t<div class=\"elementor-heading-title elementor-size-default\">\ud83d\ude97 PARKINGS<\/div>\t\t\t\t<\/div>\n\t\t\t\t<\/div>\n\t\t\t\t<div class=\"elementor-element elementor-element-84b38b8 elementor-widget elementor-widget-heading\" data-id=\"84b38b8\" data-element_type=\"widget\" data-e-type=\"widget\" data-widget_type=\"heading.default\">\n\t\t\t\t<div class=\"elementor-widget-container\">\n\t\t\t\t\t<div class=\"elementor-heading-title elementor-size-default\">Directement devant l'entr\u00e9e principale<\/div>\t\t\t\t<\/div>\n\t\t\t\t<\/div>\n\t\t\t\t<\/div>\n\t\t\t\t\t<\/div>\n\t\t\t\t<\/div>\n\t\t<div class=\"elementor-element elementor-element-1459cc0b e-flex e-con-boxed e-con e-parent\" data-id=\"1459cc0b\" data-element_type=\"container\" data-e-type=\"container\" data-settings=\"{&quot;background_background&quot;:&quot;classic&quot;}\">\n\t\t\t\t\t<div class=\"e-con-inner\">\n\t\t\t\t<div class=\"elementor-element elementor-element-6610b848 elementor-widget elementor-widget-heading\" data-id=\"6610b848\" data-element_type=\"widget\" data-e-type=\"widget\" data-widget_type=\"heading.default\">\n\t\t\t\t<div class=\"elementor-widget-container\">\n\t\t\t\t\t<h2 class=\"elementor-heading-title elementor-size-default\">Pour plus de conseils, n'h\u00e9sitez pas \u00e0 nous contacter directement au +41 41 515 54 90 !<\/h2>\t\t\t\t<\/div>\n\t\t\t\t<\/div>\n\t\t\t\t\t<\/div>\n\t\t\t\t<\/div>\n\t\t<div class=\"elementor-element elementor-element-d396b83 e-con-full e-flex e-con e-parent\" data-id=\"d396b83\" data-element_type=\"container\" data-e-type=\"container\">\n\t\t<div class=\"elementor-element elementor-element-ddec16a e-con-full e-flex e-con e-child\" data-id=\"ddec16a\" data-element_type=\"container\" data-e-type=\"container\" data-settings=\"{&quot;background_background&quot;:&quot;classic&quot;}\">\n\t\t<div class=\"elementor-element elementor-element-4258560 e-con-full e-flex e-con e-child\" data-id=\"4258560\" data-element_type=\"container\" data-e-type=\"container\">\n\t\t\t\t<div class=\"elementor-element elementor-element-4621ebb elementor-widget elementor-widget-image\" data-id=\"4621ebb\" data-element_type=\"widget\" data-e-type=\"widget\" data-widget_type=\"image.default\">\n\t\t\t\t<div class=\"elementor-widget-container\">\n\t\t\t\t\t\t\t\t\t\t\t\t\t\t\t<img decoding=\"async\" width=\"800\" height=\"534\" src=\"https:\/\/we-net.ch\/wp-content\/uploads\/2025\/02\/DSC0354-1024x683.jpg\" class=\"attachment-large size-large wp-image-122650\" alt=\"\" srcset=\"https:\/\/we-net.ch\/wp-content\/uploads\/2025\/02\/DSC0354-1024x683.jpg 1024w, https:\/\/we-net.ch\/wp-content\/uploads\/2025\/02\/DSC0354-300x200.jpg 300w, https:\/\/we-net.ch\/wp-content\/uploads\/2025\/02\/DSC0354-768x512.jpg 768w, https:\/\/we-net.ch\/wp-content\/uploads\/2025\/02\/DSC0354-1536x1024.jpg 1536w, https:\/\/we-net.ch\/wp-content\/uploads\/2025\/02\/DSC0354-2048x1365.jpg 2048w, https:\/\/we-net.ch\/wp-content\/uploads\/2025\/02\/DSC0354-18x12.jpg 18w\" sizes=\"(max-width: 800px) 100vw, 800px\" title=\"\" \/>\t\t\t\t\t\t\t\t\t\t\t\t\t\t\t<\/div>\n\t\t\t\t<\/div>\n\t\t\t\t<\/div>\n\t\t<div class=\"elementor-element elementor-element-55a0a4a e-con-full e-flex e-con e-child\" data-id=\"55a0a4a\" data-element_type=\"container\" data-e-type=\"container\">\n\t\t\t\t<div class=\"elementor-element elementor-element-615e5ce elementor-widget elementor-widget-image\" data-id=\"615e5ce\" data-element_type=\"widget\" data-e-type=\"widget\" data-widget_type=\"image.default\">\n\t\t\t\t<div class=\"elementor-widget-container\">\n\t\t\t\t\t\t\t\t\t\t\t\t\t\t\t<img decoding=\"async\" width=\"800\" height=\"534\" src=\"https:\/\/we-net.ch\/wp-content\/uploads\/2025\/02\/DSC0350-1024x683.jpg\" class=\"attachment-large size-large wp-image-122642\" alt=\"\" srcset=\"https:\/\/we-net.ch\/wp-content\/uploads\/2025\/02\/DSC0350-1024x683.jpg 1024w, https:\/\/we-net.ch\/wp-content\/uploads\/2025\/02\/DSC0350-300x200.jpg 300w, https:\/\/we-net.ch\/wp-content\/uploads\/2025\/02\/DSC0350-768x512.jpg 768w, https:\/\/we-net.ch\/wp-content\/uploads\/2025\/02\/DSC0350-1536x1024.jpg 1536w, https:\/\/we-net.ch\/wp-content\/uploads\/2025\/02\/DSC0350-2048x1365.jpg 2048w, https:\/\/we-net.ch\/wp-content\/uploads\/2025\/02\/DSC0350-18x12.jpg 18w\" sizes=\"(max-width: 800px) 100vw, 800px\" title=\"\" \/>\t\t\t\t\t\t\t\t\t\t\t\t\t\t\t<\/div>\n\t\t\t\t<\/div>\n\t\t\t\t<\/div>\n\t\t<div class=\"elementor-element elementor-element-468520e e-con-full e-flex e-con e-child\" data-id=\"468520e\" data-element_type=\"container\" data-e-type=\"container\">\n\t\t\t\t<div class=\"elementor-element elementor-element-0e43ac5 elementor-widget elementor-widget-image\" data-id=\"0e43ac5\" data-element_type=\"widget\" data-e-type=\"widget\" data-widget_type=\"image.default\">\n\t\t\t\t<div class=\"elementor-widget-container\">\n\t\t\t\t\t\t\t\t\t\t\t\t\t\t\t<img loading=\"lazy\" decoding=\"async\" width=\"800\" height=\"534\" src=\"https:\/\/we-net.ch\/wp-content\/uploads\/2025\/02\/DSC0314-1024x683.jpg\" class=\"attachment-large size-large wp-image-122651\" alt=\"\" srcset=\"https:\/\/we-net.ch\/wp-content\/uploads\/2025\/02\/DSC0314-1024x683.jpg 1024w, https:\/\/we-net.ch\/wp-content\/uploads\/2025\/02\/DSC0314-300x200.jpg 300w, https:\/\/we-net.ch\/wp-content\/uploads\/2025\/02\/DSC0314-768x512.jpg 768w, https:\/\/we-net.ch\/wp-content\/uploads\/2025\/02\/DSC0314-1536x1024.jpg 1536w, https:\/\/we-net.ch\/wp-content\/uploads\/2025\/02\/DSC0314-2048x1365.jpg 2048w, https:\/\/we-net.ch\/wp-content\/uploads\/2025\/02\/DSC0314-18x12.jpg 18w\" sizes=\"(max-width: 800px) 100vw, 800px\" title=\"\" \/>\t\t\t\t\t\t\t\t\t\t\t\t\t\t\t<\/div>\n\t\t\t\t<\/div>\n\t\t\t\t<\/div>\n\t\t\t\t<\/div>\n\t\t\t\t<\/div>\n\t\t<div class=\"elementor-element elementor-element-0590887 e-con-full e-flex e-con e-parent\" data-id=\"0590887\" data-element_type=\"container\" data-e-type=\"container\" data-settings=\"{&quot;background_background&quot;:&quot;classic&quot;}\">\n\t\t<div class=\"elementor-element elementor-element-b2e64af e-con-full e-flex e-con e-child\" data-id=\"b2e64af\" data-element_type=\"container\" data-e-type=\"container\">\n\t\t\t\t<div class=\"elementor-element elementor-element-e5690ca elementor-widget elementor-widget-image\" data-id=\"e5690ca\" data-element_type=\"widget\" data-e-type=\"widget\" data-widget_type=\"image.default\">\n\t\t\t\t<div class=\"elementor-widget-container\">\n\t\t\t\t\t\t\t\t\t\t\t\t\t\t\t<img loading=\"lazy\" decoding=\"async\" width=\"300\" height=\"300\" src=\"https:\/\/we-net.ch\/wp-content\/uploads\/2025\/04\/kis2.jpg\" class=\"attachment-full size-full wp-image-128699\" alt=\"kis assistant\" srcset=\"https:\/\/we-net.ch\/wp-content\/uploads\/2025\/04\/kis2.jpg 300w, https:\/\/we-net.ch\/wp-content\/uploads\/2025\/04\/kis2-150x150.jpg 150w, https:\/\/we-net.ch\/wp-content\/uploads\/2025\/04\/kis2-12x12.jpg 12w\" sizes=\"(max-width: 300px) 100vw, 300px\" title=\"\" \/>\t\t\t\t\t\t\t\t\t\t\t\t\t\t\t<\/div>\n\t\t\t\t<\/div>\n\t\t\t\t<\/div>\n\t\t<div class=\"elementor-element elementor-element-5294100 e-con-full e-flex e-con e-child\" data-id=\"5294100\" data-element_type=\"container\" data-e-type=\"container\">\n\t\t\t\t<div class=\"elementor-element elementor-element-984d3c5 elementor-widget elementor-widget-heading\" data-id=\"984d3c5\" data-element_type=\"widget\" data-e-type=\"widget\" data-widget_type=\"heading.default\">\n\t\t\t\t<div class=\"elementor-widget-container\">\n\t\t\t\t\t<h4 class=\"elementor-heading-title elementor-size-default\">Veuillez utiliser l'entr\u00e9e <b>Gauche, <\/b>pour acc\u00e9der au premier \u00e9tage. <\/h4>\t\t\t\t<\/div>\n\t\t\t\t<\/div>\n\t\t\t\t<\/div>\n\t\t\t\t<\/div>\n\t\t<div class=\"elementor-element elementor-element-cfe1850 e-con-full e-flex e-con e-parent\" data-id=\"cfe1850\" data-element_type=\"container\" data-e-type=\"container\" data-settings=\"{&quot;background_background&quot;:&quot;gradient&quot;}\">\n\t\t<div class=\"elementor-element elementor-element-e43bce5 e-con-full e-flex e-con e-child\" data-id=\"e43bce5\" data-element_type=\"container\" data-e-type=\"container\">\n\t\t<div class=\"elementor-element elementor-element-02ee765 e-con-full e-flex e-con e-child\" data-id=\"02ee765\" data-element_type=\"container\" data-e-type=\"container\">\n\t\t\t\t<div class=\"elementor-element elementor-element-f9d85e3 elementor-widget elementor-widget-heading\" data-id=\"f9d85e3\" data-element_type=\"widget\" data-e-type=\"widget\" data-widget_type=\"heading.default\">\n\t\t\t\t<div class=\"elementor-widget-container\">\n\t\t\t\t\t<h2 class=\"elementor-heading-title elementor-size-default\">Des sites pr\u00e8s de chez vous<\/h2>\t\t\t\t<\/div>\n\t\t\t\t<\/div>\n\t\t\t\t<div class=\"elementor-element elementor-element-1b0d51c elementor-widget elementor-widget-html\" data-id=\"1b0d51c\" data-element_type=\"widget\" data-e-type=\"widget\" data-widget_type=\"html.default\">\n\t\t\t\t<div class=\"elementor-widget-container\">\n\t\t\t\t\t<div id=\"storepoint-container\" data-tags=\"buchs\" data-map-id=\"166b08ce04b869\"><\/div><script>(function(){var a=document.createElement(\"script\");a.type=\"text\/javascript\";a.async=!0;a.src=\"https:\/\/cdn.storepoint.co\/api\/v1\/js\/166b08ce04b869.js\";var b=document.getElementsByTagName(\"script\")[0];b.parentNode.insertBefore(a,b);}());<\/script><style>#storepoint-tag-dropdown{display:none!important;}<\/style>\t\t\t\t<\/div>\n\t\t\t\t<\/div>\n\t\t\t\t<\/div>\n\t\t\t\t<\/div>\n\t\t\t\t<\/div>\n\t\t\t\t<\/div>","protected":false},"excerpt":{"rendered":"<p>Willkommen bei WENET AG BUCHS St. Gallen: Fabrikstrasse 17, 9470 Buchs, SG So finden Sie uns \ud83d\udccd ADRESSE Fabrikstrasse 17, 9470 Buchs SG (Empfang im 1. Obergeschoss) \ud83d\ude97 PARKPL\u00c4TZE Direkt vor dem Haupteingang F\u00fcr weitere Beratung z\u00f6gern Sie bitte nicht uns direkt zu kontaktieren, unter +41 41 515 54 90! Bitte benutzen Sie Eingang Links,<\/p>","protected":false},"author":106,"featured_media":0,"parent":0,"menu_order":0,"comment_status":"closed","ping_status":"closed","template":"elementor_header_footer","meta":{"_acf_changed":false,"_rtcl_gb_attr":"","inline_featured_image":false,"footnotes":""},"folder":[],"class_list":["post-122431","page","type-page","status-publish","hentry"],"acf":[],"yoast_head":"<!-- This site is optimized with the Yoast SEO Premium plugin v24.2 (Yoast SEO v27.4) - https:\/\/yoast.com\/product\/yoast-seo-premium-wordpress\/ -->\n<title>Standort Buchs \u2013 WENET AG vor Ort f\u00fcr Sie da<\/title>\n<meta name=\"description\" content=\"Besuchen Sie uns in Buchs SG \u2013 Ihr regionaler Immobilienpartner mit starker Pr\u00e4senz und pers\u00f6nlicher Beratung.\" \/>\n<meta name=\"robots\" content=\"index, follow, max-snippet:-1, max-image-preview:large, max-video-preview:-1\" \/>\n<link rel=\"canonical\" href=\"https:\/\/we-net.ch\/fr\/location-buchs\/\" \/>\n<meta property=\"og:locale\" content=\"fr_FR\" \/>\n<meta property=\"og:type\" content=\"article\" \/>\n<meta property=\"og:title\" content=\"Location Buchs\" \/>\n<meta property=\"og:description\" content=\"Besuchen Sie uns in Buchs SG \u2013 Ihr regionaler Immobilienpartner mit starker Pr\u00e4senz und pers\u00f6nlicher Beratung.\" \/>\n<meta property=\"og:url\" content=\"https:\/\/we-net.ch\/fr\/location-buchs\/\" \/>\n<meta property=\"og:site_name\" content=\"WENET AG\" \/>\n<meta property=\"article:modified_time\" content=\"2026-01-29T12:53:28+00:00\" \/>\n<meta property=\"og:image\" content=\"https:\/\/we-net.ch\/wp-content\/uploads\/2025\/02\/Lageplan_Buchs_SG-1024x705.png\" \/>\n\t<meta property=\"og:image:width\" content=\"1024\" \/>\n\t<meta property=\"og:image:height\" content=\"705\" \/>\n\t<meta property=\"og:image:type\" content=\"image\/png\" \/>\n<meta name=\"twitter:card\" content=\"summary_large_image\" \/>\n<!-- \/ Yoast SEO Premium plugin. -->","yoast_head_json":{"title":"Site de Buchs - WENET AG sur place \u00e0 votre service","description":"Venez nous rendre visite \u00e0 Buchs SG - votre partenaire immobilier r\u00e9gional avec une forte pr\u00e9sence et un conseil personnalis\u00e9.","robots":{"index":"index","follow":"follow","max-snippet":"max-snippet:-1","max-image-preview":"max-image-preview:large","max-video-preview":"max-video-preview:-1"},"canonical":"https:\/\/we-net.ch\/fr\/location-buchs\/","og_locale":"fr_FR","og_type":"article","og_title":"Location Buchs","og_description":"Besuchen Sie uns in Buchs SG \u2013 Ihr regionaler Immobilienpartner mit starker Pr\u00e4senz und pers\u00f6nlicher Beratung.","og_url":"https:\/\/we-net.ch\/fr\/location-buchs\/","og_site_name":"WENET AG","article_modified_time":"2026-01-29T12:53:28+00:00","og_image":[{"width":1024,"height":705,"url":"https:\/\/we-net.ch\/wp-content\/uploads\/2025\/02\/Lageplan_Buchs_SG-1024x705.png","type":"image\/png"}],"twitter_card":"summary_large_image","schema":{"@context":"https:\/\/schema.org","@graph":[{"@type":"WebPage","@id":"https:\/\/we-net.ch\/location-buchs\/","url":"https:\/\/we-net.ch\/location-buchs\/","name":"Site de Buchs - WENET AG sur place \u00e0 votre service","isPartOf":{"@id":"https:\/\/we-net.ch\/#website"},"primaryImageOfPage":{"@id":"https:\/\/we-net.ch\/location-buchs\/#primaryimage"},"image":{"@id":"https:\/\/we-net.ch\/location-buchs\/#primaryimage"},"thumbnailUrl":"https:\/\/we-net.ch\/wp-content\/uploads\/2025\/02\/Lageplan_Buchs_SG.png","datePublished":"2025-02-15T20:41:00+00:00","dateModified":"2026-01-29T12:53:28+00:00","description":"Venez nous rendre visite \u00e0 Buchs SG - votre partenaire immobilier r\u00e9gional avec une forte pr\u00e9sence et un conseil personnalis\u00e9.","breadcrumb":{"@id":"https:\/\/we-net.ch\/location-buchs\/#breadcrumb"},"inLanguage":"fr-FR","potentialAction":[{"@type":"ReadAction","target":["https:\/\/we-net.ch\/location-buchs\/"]}]},{"@type":"ImageObject","inLanguage":"fr-FR","@id":"https:\/\/we-net.ch\/location-buchs\/#primaryimage","url":"https:\/\/we-net.ch\/wp-content\/uploads\/2025\/02\/Lageplan_Buchs_SG.png","contentUrl":"https:\/\/we-net.ch\/wp-content\/uploads\/2025\/02\/Lageplan_Buchs_SG.png"},{"@type":"BreadcrumbList","@id":"https:\/\/we-net.ch\/location-buchs\/#breadcrumb","itemListElement":[{"@type":"ListItem","position":1,"name":"Startseite","item":"https:\/\/we-net.ch\/"},{"@type":"ListItem","position":2,"name":"Location Buchs"}]},{"@type":"WebSite","@id":"https:\/\/we-net.ch\/#website","url":"https:\/\/we-net.ch\/","name":"WENET AG","description":"Immobilier","publisher":{"@id":"https:\/\/we-net.ch\/#organization"},"potentialAction":[{"@type":"SearchAction","target":{"@type":"EntryPoint","urlTemplate":"https:\/\/we-net.ch\/?s={search_term_string}"},"query-input":{"@type":"PropertyValueSpecification","valueRequired":true,"valueName":"search_term_string"}}],"inLanguage":"fr-FR"},{"@type":"Organization","@id":"https:\/\/we-net.ch\/#organization","name":"WENET AG","url":"https:\/\/we-net.ch\/","logo":{"@type":"ImageObject","inLanguage":"fr-FR","@id":"https:\/\/we-net.ch\/#\/schema\/logo\/image\/","url":"https:\/\/we-net.ch\/wp-content\/uploads\/2024\/11\/watermark2.png","contentUrl":"https:\/\/we-net.ch\/wp-content\/uploads\/2024\/11\/watermark2.png","width":800,"height":107,"caption":"WENET AG"},"image":{"@id":"https:\/\/we-net.ch\/#\/schema\/logo\/image\/"}}]}},"_links":{"self":[{"href":"https:\/\/we-net.ch\/fr\/wp-json\/wp\/v2\/pages\/122431","targetHints":{"allow":["GET"]}}],"collection":[{"href":"https:\/\/we-net.ch\/fr\/wp-json\/wp\/v2\/pages"}],"about":[{"href":"https:\/\/we-net.ch\/fr\/wp-json\/wp\/v2\/types\/page"}],"author":[{"embeddable":true,"href":"https:\/\/we-net.ch\/fr\/wp-json\/wp\/v2\/users\/106"}],"replies":[{"embeddable":true,"href":"https:\/\/we-net.ch\/fr\/wp-json\/wp\/v2\/comments?post=122431"}],"version-history":[{"count":3,"href":"https:\/\/we-net.ch\/fr\/wp-json\/wp\/v2\/pages\/122431\/revisions"}],"predecessor-version":[{"id":177612,"href":"https:\/\/we-net.ch\/fr\/wp-json\/wp\/v2\/pages\/122431\/revisions\/177612"}],"wp:attachment":[{"href":"https:\/\/we-net.ch\/fr\/wp-json\/wp\/v2\/media?parent=122431"}],"wp:term":[{"taxonomy":"folder","embeddable":true,"href":"https:\/\/we-net.ch\/fr\/wp-json\/wp\/v2\/folder?post=122431"}],"curies":[{"name":"wp","href":"https:\/\/api.w.org\/{rel}","templated":true}]}}