{"id":119965,"date":"2024-12-19T18:46:35","date_gmt":"2024-12-19T17:46:35","guid":{"rendered":"https:\/\/we-net.ch\/unsubscribe_confirmation\/"},"modified":"2026-03-19T16:31:53","modified_gmt":"2026-03-19T15:31:53","slug":"unsubscribe_confirmation","status":"publish","type":"page","link":"https:\/\/we-net.ch\/fr\/unsubscribe_confirmation\/","title":{"rendered":"Confirmation de d\u00e9sabonnement"},"content":{"rendered":"<div data-elementor-type=\"wp-page\" data-elementor-id=\"119965\" class=\"elementor elementor-119965\" data-elementor-post-type=\"page\">\n\t\t\t\t<div class=\"elementor-element elementor-element-44a67ee e-con-full e-flex e-con e-parent\" data-id=\"44a67ee\" data-element_type=\"container\" data-e-type=\"container\" data-settings=\"{&quot;background_background&quot;:&quot;classic&quot;}\">\n\t\t\t\t<div class=\"elementor-element elementor-element-70e828c7 elementor-widget elementor-widget-text-editor\" data-id=\"70e828c7\" data-element_type=\"widget\" data-e-type=\"widget\" data-widget_type=\"text-editor.default\">\n\t\t\t\t<div class=\"elementor-widget-container\">\n\t\t\t\t\t\t\t\t\t<section class=\"mintmrm-default-pages\">\n<div class=\"mintmrm-card-wrapper\">\n<div class=\"mintmrm-card\">\n<div class=\"mintmrm-card-header\">\n\t\t\t\t\t\t<svg fill=\"none\" width=\"259\" height=\"259\"  viewbox=\"0 0 259 259\" xmlns=\"http:\/\/www.w3.org\/2000\/svg\"><circle cx=\"129.5\" cy=\"129.5\" r=\"129.5\" fill=\"#F6F8FA\"\/><path fill=\"#FDC142\" d=\"M191.813 95.5v51.75a27.334 27.334 0 01-27.312 27.313h-74.75a27.339 27.339 0 01-27.313-27.313V95.5c-.019-.73.02-1.46.115-2.185a27.319 27.319 0 0127.198-25.127h74.75a27.318 27.318 0 0127.197 25.127c.096.724.134 1.455.115 2.185z\"\/><path fill=\"#F73529\" d=\"M170.25 191.812c15.084 0 27.312-12.228 27.312-27.312 0-15.084-12.228-27.312-27.312-27.312-15.084 0-27.312 12.228-27.312 27.312 0 15.084 12.228 27.312 27.312 27.312z\"\/><path fill=\"#fff\" d=\"M178.875 168.812h-17.25a4.31 4.31 0 110-8.624h17.25a4.31 4.31 0 110 8.624z\"\/><path fill=\"#FFE578\" d=\"M191.698 93.315l-51.29 28.52a27.303 27.303 0 01-26.565 0l-51.29-28.52A27.319 27.319 0 0189.75 68.188h74.75a27.319 27.319 0 0127.198 25.127z\"\/><\/svg>\n\t\t\t\t\t<\/div>\n<div class=\"mintmrm-card-body\">\n<h1 class=\"mintmrm-card-title\">Vous souhaitez vous d\u00e9sabonner ?<\/h1>\n<p class=\"mintmrm-card-subtitle\">Si vous vous d\u00e9sabonnez, vous ne recevrez plus notre bulletin d'information hebdomadaire.<\/p>\n<div class=\"mintmrm-card-buttons\">\n\t\t\t\t\t\t\t<a href=\"https:\/\/we-net.ch\/fr?mrm=1&#038;route=unsubscribe-confirmation&#038;hash\" class=\"mintmrm-card-button\" role=\"button\">D\u00e9sabonnement<\/a><br \/>\n\t\t\t\t\t\t\t<a href=\"https:\/\/we-net.ch\/fr?mrm=1&#038;route=unsubscribe-confirmation&#038;hash\" class=\"mintmrm-card-button mintmrm-card-button-outline\" id=\"mrm-unsubscribe-cancel\" role=\"button\">Annuler<\/a>\n\t\t\t\t\t\t<\/div>\n<\/p><\/div>\n<\/p><\/div>\n<\/p><\/div>\n<\/section>\n\t\t\t\t\t\t\t\t<\/div>\n\t\t\t\t<\/div>\n\t\t\t\t<\/div>\n\t\t\t\t<\/div>","protected":false},"excerpt":{"rendered":"","protected":false},"author":772,"featured_media":0,"parent":0,"menu_order":0,"comment_status":"closed","ping_status":"closed","template":"elementor_theme","meta":{"_acf_changed":false,"_rtcl_gb_attr":"","inline_featured_image":false,"footnotes":""},"folder":[],"class_list":["post-119965","page","type-page","status-publish","hentry"],"acf":[],"yoast_head":"<!-- This site is optimized with the Yoast SEO Premium plugin v24.2 (Yoast SEO v27.3) - https:\/\/yoast.com\/product\/yoast-seo-premium-wordpress\/ -->\n<title>Abmeldung best\u00e4tigt - WENET AG Newsletter<\/title>\n<meta name=\"description\" content=\"Sie wurden erfolgreich vom Newsletter abgemeldet. Sie k\u00f6nnen sich jederzeit wieder registrieren.\" \/>\n<meta name=\"robots\" content=\"index, follow, max-snippet:-1, max-image-preview:large, max-video-preview:-1\" \/>\n<link rel=\"canonical\" href=\"https:\/\/we-net.ch\/fr\/unsubscribe_confirmation\/\" \/>\n<meta property=\"og:locale\" content=\"fr_FR\" \/>\n<meta property=\"og:type\" content=\"article\" \/>\n<meta property=\"og:title\" content=\"Unsubscribe Confirmation\" \/>\n<meta property=\"og:description\" content=\"Sie wurden erfolgreich vom Newsletter abgemeldet. Sie k\u00f6nnen sich jederzeit wieder registrieren.\" \/>\n<meta property=\"og:url\" content=\"https:\/\/we-net.ch\/fr\/unsubscribe_confirmation\/\" \/>\n<meta property=\"og:site_name\" content=\"WENET AG\" \/>\n<meta property=\"article:modified_time\" content=\"2026-03-19T15:31:53+00:00\" \/>\n<meta property=\"og:image\" content=\"https:\/\/we-net.ch\/wp-content\/uploads\/2024\/11\/watermark2.png\" \/>\n\t<meta property=\"og:image:width\" content=\"800\" \/>\n\t<meta property=\"og:image:height\" content=\"107\" \/>\n\t<meta property=\"og:image:type\" content=\"image\/png\" \/>\n<meta name=\"twitter:card\" content=\"summary_large_image\" \/>\n<!-- \/ Yoast SEO Premium plugin. -->","yoast_head_json":{"title":"Abmeldung best\u00e4tigt - WENET AG Newsletter","description":"Vous avez \u00e9t\u00e9 d\u00e9sinscrit avec succ\u00e8s de la newsletter. Vous pouvez vous r\u00e9inscrire \u00e0 tout moment.","robots":{"index":"index","follow":"follow","max-snippet":"max-snippet:-1","max-image-preview":"max-image-preview:large","max-video-preview":"max-video-preview:-1"},"canonical":"https:\/\/we-net.ch\/fr\/unsubscribe_confirmation\/","og_locale":"fr_FR","og_type":"article","og_title":"Unsubscribe Confirmation","og_description":"Sie wurden erfolgreich vom Newsletter abgemeldet. Sie k\u00f6nnen sich jederzeit wieder registrieren.","og_url":"https:\/\/we-net.ch\/fr\/unsubscribe_confirmation\/","og_site_name":"WENET AG","article_modified_time":"2026-03-19T15:31:53+00:00","og_image":[{"width":800,"height":107,"url":"https:\/\/we-net.ch\/wp-content\/uploads\/2024\/11\/watermark2.png","type":"image\/png"}],"twitter_card":"summary_large_image","schema":{"@context":"https:\/\/schema.org","@graph":[{"@type":"WebPage","@id":"https:\/\/we-net.ch\/unsubscribe_confirmation\/","url":"https:\/\/we-net.ch\/unsubscribe_confirmation\/","name":"Abmeldung best\u00e4tigt - WENET AG Newsletter","isPartOf":{"@id":"https:\/\/we-net.ch\/#website"},"datePublished":"2024-12-19T17:46:35+00:00","dateModified":"2026-03-19T15:31:53+00:00","description":"Vous avez \u00e9t\u00e9 d\u00e9sinscrit avec succ\u00e8s de la newsletter. Vous pouvez vous r\u00e9inscrire \u00e0 tout moment.","breadcrumb":{"@id":"https:\/\/we-net.ch\/unsubscribe_confirmation\/#breadcrumb"},"inLanguage":"fr-FR","potentialAction":[{"@type":"ReadAction","target":["https:\/\/we-net.ch\/unsubscribe_confirmation\/"]}]},{"@type":"BreadcrumbList","@id":"https:\/\/we-net.ch\/unsubscribe_confirmation\/#breadcrumb","itemListElement":[{"@type":"ListItem","position":1,"name":"Startseite","item":"https:\/\/we-net.ch\/"},{"@type":"ListItem","position":2,"name":"Unsubscribe Confirmation"}]},{"@type":"WebSite","@id":"https:\/\/we-net.ch\/#website","url":"https:\/\/we-net.ch\/","name":"WENET AG","description":"Immobilier","publisher":{"@id":"https:\/\/we-net.ch\/#organization"},"potentialAction":[{"@type":"SearchAction","target":{"@type":"EntryPoint","urlTemplate":"https:\/\/we-net.ch\/?s={search_term_string}"},"query-input":{"@type":"PropertyValueSpecification","valueRequired":true,"valueName":"search_term_string"}}],"inLanguage":"fr-FR"},{"@type":"Organization","@id":"https:\/\/we-net.ch\/#organization","name":"WENET AG","url":"https:\/\/we-net.ch\/","logo":{"@type":"ImageObject","inLanguage":"fr-FR","@id":"https:\/\/we-net.ch\/#\/schema\/logo\/image\/","url":"https:\/\/we-net.ch\/wp-content\/uploads\/2024\/11\/watermark2.png","contentUrl":"https:\/\/we-net.ch\/wp-content\/uploads\/2024\/11\/watermark2.png","width":800,"height":107,"caption":"WENET AG"},"image":{"@id":"https:\/\/we-net.ch\/#\/schema\/logo\/image\/"}}]}},"_links":{"self":[{"href":"https:\/\/we-net.ch\/fr\/wp-json\/wp\/v2\/pages\/119965","targetHints":{"allow":["GET"]}}],"collection":[{"href":"https:\/\/we-net.ch\/fr\/wp-json\/wp\/v2\/pages"}],"about":[{"href":"https:\/\/we-net.ch\/fr\/wp-json\/wp\/v2\/types\/page"}],"author":[{"embeddable":true,"href":"https:\/\/we-net.ch\/fr\/wp-json\/wp\/v2\/users\/772"}],"replies":[{"embeddable":true,"href":"https:\/\/we-net.ch\/fr\/wp-json\/wp\/v2\/comments?post=119965"}],"version-history":[{"count":6,"href":"https:\/\/we-net.ch\/fr\/wp-json\/wp\/v2\/pages\/119965\/revisions"}],"predecessor-version":[{"id":183328,"href":"https:\/\/we-net.ch\/fr\/wp-json\/wp\/v2\/pages\/119965\/revisions\/183328"}],"wp:attachment":[{"href":"https:\/\/we-net.ch\/fr\/wp-json\/wp\/v2\/media?parent=119965"}],"wp:term":[{"taxonomy":"folder","embeddable":true,"href":"https:\/\/we-net.ch\/fr\/wp-json\/wp\/v2\/folder?post=119965"}],"curies":[{"name":"wp","href":"https:\/\/api.w.org\/{rel}","templated":true}]}}