{"id":9089,"date":"2023-04-13T11:34:11","date_gmt":"2023-04-13T09:34:11","guid":{"rendered":"https:\/\/heuristic-burnell.87-106-72-239.plesk.page\/?page_id=9089"},"modified":"2026-03-19T16:24:07","modified_gmt":"2026-03-19T15:24:07","slug":"exito","status":"publish","type":"page","link":"https:\/\/we-net.ch\/es\/exito\/","title":{"rendered":"Gracias"},"content":{"rendered":"<div data-elementor-type=\"wp-page\" data-elementor-id=\"9089\" class=\"elementor elementor-9089\" data-elementor-post-type=\"page\">\n\t\t\t\t\t\t<section class=\"elementor-section elementor-top-section elementor-element elementor-element-63f3deda elementor-section-content-middle elementor-section-full_width elementor-section-height-default elementor-section-height-default\" data-id=\"63f3deda\" data-element_type=\"section\" data-e-type=\"section\" data-settings=\"{&quot;background_background&quot;:&quot;classic&quot;}\">\n\t\t\t\t\t\t<div class=\"elementor-container elementor-column-gap-no\">\n\t\t\t\t\t<div class=\"elementor-column elementor-col-50 elementor-top-column elementor-element elementor-element-207eaca3\" data-id=\"207eaca3\" data-element_type=\"column\" data-e-type=\"column\">\n\t\t\t<div class=\"elementor-widget-wrap elementor-element-populated\">\n\t\t\t\t\t\t<div class=\"elementor-element elementor-element-13568177 elementor-widget elementor-widget-image\" data-id=\"13568177\" data-element_type=\"widget\" data-e-type=\"widget\" data-widget_type=\"image.default\">\n\t\t\t\t<div class=\"elementor-widget-container\">\n\t\t\t\t\t\t\t\t\t\t\t\t\t\t\t<img fetchpriority=\"high\" decoding=\"async\" width=\"1280\" height=\"854\" src=\"https:\/\/we-net.ch\/wp-content\/uploads\/2023\/04\/thank-you-image.jpg\" class=\"attachment-full size-full wp-image-9092\" alt=\"Solicitud recibir croquis\" srcset=\"https:\/\/we-net.ch\/wp-content\/uploads\/2023\/04\/thank-you-image.jpg 1280w, https:\/\/we-net.ch\/wp-content\/uploads\/2023\/04\/thank-you-image-300x200.jpg 300w, https:\/\/we-net.ch\/wp-content\/uploads\/2023\/04\/thank-you-image-1024x683.jpg 1024w, https:\/\/we-net.ch\/wp-content\/uploads\/2023\/04\/thank-you-image-768x512.jpg 768w\" sizes=\"(max-width: 1280px) 100vw, 1280px\" title=\"\" \/>\t\t\t\t\t\t\t\t\t\t\t\t\t\t\t<\/div>\n\t\t\t\t<\/div>\n\t\t\t\t\t<\/div>\n\t\t<\/div>\n\t\t\t\t<div class=\"elementor-column elementor-col-50 elementor-top-column elementor-element elementor-element-7a51476\" data-id=\"7a51476\" data-element_type=\"column\" data-e-type=\"column\" data-settings=\"{&quot;background_background&quot;:&quot;classic&quot;}\">\n\t\t\t<div class=\"elementor-widget-wrap elementor-element-populated\">\n\t\t\t\t\t\t<div class=\"elementor-element elementor-element-18616b00 elementor-widget elementor-widget-heading\" data-id=\"18616b00\" data-element_type=\"widget\" data-e-type=\"widget\" data-widget_type=\"heading.default\">\n\t\t\t\t<div class=\"elementor-widget-container\">\n\t\t\t\t\t<h1 class=\"elementor-heading-title elementor-size-default\">Abriendo nuevos caminos.<br>\u00a1Desde hoy!<\/h1>\t\t\t\t<\/div>\n\t\t\t\t<\/div>\n\t\t\t\t<div class=\"elementor-element elementor-element-2d885453 elementor-widget elementor-widget-text-editor\" data-id=\"2d885453\" data-element_type=\"widget\" data-e-type=\"widget\" data-widget_type=\"text-editor.default\">\n\t\t\t\t<div class=\"elementor-widget-container\">\n\t\t\t\t\t\t\t\t\t<p>Ha decidido presentar su candidatura para un puesto de trabajo en WENET AG. Gracias por su solicitud.<\/p><p>T\u00e4glich erreichen uns viele Bewerbungen. Wir bitten Sie daher um Geduld, bis wir Ihre Qualifikationen gepr\u00fcft haben. Die WENET AG sch\u00e4tzt Ihr Interesse an einer Mitarbeit in unserem Team und pr\u00fcft derzeit Ihre Qualifikationen. Wenn Ihre F\u00e4higkeiten und Erfahrungen den Anforderungen der Stelle entsprechen, werden wir uns mit Ihnen in Verbindung setzen.<\/p>\t\t\t\t\t\t\t\t<\/div>\n\t\t\t\t<\/div>\n\t\t\t\t\t<\/div>\n\t\t<\/div>\n\t\t\t\t\t<\/div>\n\t\t<\/section>\n\t\t\t\t<\/div>","protected":false},"excerpt":{"rendered":"<p>Neue Wege gehen.Ab heute! Sie haben sich f\u00fcr eine Stelle bei der WENET AG entschieden. Vielen Dank f\u00fcr Ihre Bewerbung! T\u00e4glich erreichen uns viele Bewerbungen. Wir bitten Sie daher um Geduld, bis wir Ihre Qualifikationen gepr\u00fcft haben. Die WENET AG sch\u00e4tzt Ihr Interesse an einer Mitarbeit in unserem Team und pr\u00fcft derzeit Ihre Qualifikationen. Wenn<\/p>","protected":false},"author":2,"featured_media":0,"parent":0,"menu_order":0,"comment_status":"closed","ping_status":"closed","template":"","meta":{"_acf_changed":false,"_rtcl_gb_attr":"","inline_featured_image":false,"footnotes":""},"folder":[13317],"class_list":["post-9089","page","type-page","status-publish","hentry"],"acf":[],"yoast_head":"<!-- This site is optimized with the Yoast SEO Premium plugin v24.2 (Yoast SEO v27.4) - https:\/\/yoast.com\/product\/yoast-seo-premium-wordpress\/ -->\n<title>Erfolg \u2013 Inserat erfolgreich erstellt - WENET AG<\/title>\n<meta name=\"description\" content=\"Vielen Dank! Ihre Immobilie wurde erfolgreich erfasst und wird nun auf mehreren Plattformen ver\u00f6ffentlicht.\" \/>\n<meta name=\"robots\" content=\"index, follow, max-snippet:-1, max-image-preview:large, max-video-preview:-1\" \/>\n<link rel=\"canonical\" href=\"https:\/\/we-net.ch\/es\/exito\/\" \/>\n<meta property=\"og:locale\" content=\"es_ES\" \/>\n<meta property=\"og:type\" content=\"article\" \/>\n<meta property=\"og:title\" content=\"Danke dir\" \/>\n<meta property=\"og:description\" content=\"Vielen Dank! Ihre Immobilie wurde erfolgreich erfasst und wird nun auf mehreren Plattformen ver\u00f6ffentlicht.\" \/>\n<meta property=\"og:url\" content=\"https:\/\/we-net.ch\/es\/exito\/\" \/>\n<meta property=\"og:site_name\" content=\"WENET AG\" \/>\n<meta property=\"article:modified_time\" content=\"2026-03-19T15:24:07+00:00\" \/>\n<meta property=\"og:image\" content=\"https:\/\/we-net.ch\/wp-content\/uploads\/2023\/04\/thank-you-image.jpg\" \/>\n\t<meta property=\"og:image:width\" content=\"1280\" \/>\n\t<meta property=\"og:image:height\" content=\"854\" \/>\n\t<meta property=\"og:image:type\" content=\"image\/jpeg\" \/>\n<meta name=\"twitter:card\" content=\"summary_large_image\" \/>\n<meta name=\"twitter:label1\" content=\"Tiempo de lectura\" \/>\n\t<meta name=\"twitter:data1\" content=\"1 minuto\" \/>\n<!-- \/ Yoast SEO Premium plugin. -->","yoast_head_json":{"title":"Erfolg \u2013 Inserat erfolgreich erstellt - WENET AG","description":"Vielen Dank! Ihre Immobilie wurde erfolgreich erfasst und wird nun auf mehreren Plattformen ver\u00f6ffentlicht.","robots":{"index":"index","follow":"follow","max-snippet":"max-snippet:-1","max-image-preview":"max-image-preview:large","max-video-preview":"max-video-preview:-1"},"canonical":"https:\/\/we-net.ch\/es\/exito\/","og_locale":"es_ES","og_type":"article","og_title":"Danke dir","og_description":"Vielen Dank! Ihre Immobilie wurde erfolgreich erfasst und wird nun auf mehreren Plattformen ver\u00f6ffentlicht.","og_url":"https:\/\/we-net.ch\/es\/exito\/","og_site_name":"WENET AG","article_modified_time":"2026-03-19T15:24:07+00:00","og_image":[{"width":1280,"height":854,"url":"https:\/\/we-net.ch\/wp-content\/uploads\/2023\/04\/thank-you-image.jpg","type":"image\/jpeg"}],"twitter_card":"summary_large_image","twitter_misc":{"Tiempo de lectura":"1 minuto"},"schema":{"@context":"https:\/\/schema.org","@graph":[{"@type":"WebPage","@id":"https:\/\/we-net.ch\/success\/","url":"https:\/\/we-net.ch\/success\/","name":"Erfolg \u2013 Inserat erfolgreich erstellt - WENET AG","isPartOf":{"@id":"https:\/\/we-net.ch\/#website"},"primaryImageOfPage":{"@id":"https:\/\/we-net.ch\/success\/#primaryimage"},"image":{"@id":"https:\/\/we-net.ch\/success\/#primaryimage"},"thumbnailUrl":"https:\/\/we-net.ch\/wp-content\/uploads\/2023\/04\/thank-you-image.jpg","datePublished":"2023-04-13T09:34:11+00:00","dateModified":"2026-03-19T15:24:07+00:00","description":"Vielen Dank! Ihre Immobilie wurde erfolgreich erfasst und wird nun auf mehreren Plattformen ver\u00f6ffentlicht.","breadcrumb":{"@id":"https:\/\/we-net.ch\/success\/#breadcrumb"},"inLanguage":"es","potentialAction":[{"@type":"ReadAction","target":["https:\/\/we-net.ch\/success\/"]}]},{"@type":"ImageObject","inLanguage":"es","@id":"https:\/\/we-net.ch\/success\/#primaryimage","url":"https:\/\/we-net.ch\/wp-content\/uploads\/2023\/04\/thank-you-image.jpg","contentUrl":"https:\/\/we-net.ch\/wp-content\/uploads\/2023\/04\/thank-you-image.jpg"},{"@type":"BreadcrumbList","@id":"https:\/\/we-net.ch\/success\/#breadcrumb","itemListElement":[{"@type":"ListItem","position":1,"name":"Startseite","item":"https:\/\/we-net.ch\/"},{"@type":"ListItem","position":2,"name":"Danke dir"}]},{"@type":"WebSite","@id":"https:\/\/we-net.ch\/#website","url":"https:\/\/we-net.ch\/","name":"WENET AG","description":"Inmobiliario","publisher":{"@id":"https:\/\/we-net.ch\/#organization"},"potentialAction":[{"@type":"SearchAction","target":{"@type":"EntryPoint","urlTemplate":"https:\/\/we-net.ch\/?s={search_term_string}"},"query-input":{"@type":"PropertyValueSpecification","valueRequired":true,"valueName":"search_term_string"}}],"inLanguage":"es"},{"@type":"Organization","@id":"https:\/\/we-net.ch\/#organization","name":"WENET AG","url":"https:\/\/we-net.ch\/","logo":{"@type":"ImageObject","inLanguage":"es","@id":"https:\/\/we-net.ch\/#\/schema\/logo\/image\/","url":"https:\/\/we-net.ch\/wp-content\/uploads\/2024\/11\/watermark2.png","contentUrl":"https:\/\/we-net.ch\/wp-content\/uploads\/2024\/11\/watermark2.png","width":800,"height":107,"caption":"WENET AG"},"image":{"@id":"https:\/\/we-net.ch\/#\/schema\/logo\/image\/"}}]}},"_links":{"self":[{"href":"https:\/\/we-net.ch\/es\/wp-json\/wp\/v2\/pages\/9089","targetHints":{"allow":["GET"]}}],"collection":[{"href":"https:\/\/we-net.ch\/es\/wp-json\/wp\/v2\/pages"}],"about":[{"href":"https:\/\/we-net.ch\/es\/wp-json\/wp\/v2\/types\/page"}],"author":[{"embeddable":true,"href":"https:\/\/we-net.ch\/es\/wp-json\/wp\/v2\/users\/2"}],"replies":[{"embeddable":true,"href":"https:\/\/we-net.ch\/es\/wp-json\/wp\/v2\/comments?post=9089"}],"version-history":[{"count":3,"href":"https:\/\/we-net.ch\/es\/wp-json\/wp\/v2\/pages\/9089\/revisions"}],"predecessor-version":[{"id":183321,"href":"https:\/\/we-net.ch\/es\/wp-json\/wp\/v2\/pages\/9089\/revisions\/183321"}],"wp:attachment":[{"href":"https:\/\/we-net.ch\/es\/wp-json\/wp\/v2\/media?parent=9089"}],"wp:term":[{"taxonomy":"folder","embeddable":true,"href":"https:\/\/we-net.ch\/es\/wp-json\/wp\/v2\/folder?post=9089"}],"curies":[{"name":"wp","href":"https:\/\/api.w.org\/{rel}","templated":true}]}}